{"id":591,"date":"2024-02-28T12:53:35","date_gmt":"2024-02-28T11:53:35","guid":{"rendered":"https:\/\/www.silvialucchetti.fr\/?page_id=591"},"modified":"2024-08-25T18:26:08","modified_gmt":"2024-08-25T16:26:08","slug":"hypnose","status":"publish","type":"page","link":"https:\/\/www.silvialucchetti.fr\/index.php\/hypnose\/","title":{"rendered":"Hypnose"},"content":{"rendered":"\n<h1 class=\"wp-block-heading has-text-align-left\" style=\"font-size:22px\">Hypnose Ericksonienne<\/h1>\n\n\n\n<p class=\"has-text-align-left\"><\/p>\n\n\n\n<div class=\"wp-block-columns has-text-color has-link-color wp-elements-8ed88a5b1ca5655d3053b27420b38486 is-layout-flex wp-container-core-columns-is-layout-9d6595d7 wp-block-columns-is-layout-flex\" style=\"color:#070707\">\n<div class=\"wp-block-column is-layout-flow wp-block-column-is-layout-flow\" style=\"flex-basis:66.66%\">\n<p><\/p>\n\n\n\n<p class=\"has-headings-color has-text-color has-link-color wp-elements-e98a9c9d2ac3697821a6f6f583459607\" style=\"font-size:14px;font-style:normal;font-weight:100\">L&rsquo;hypnose est une technique qui permet d&rsquo;induire un \u00e9tat de conscience particulier qui privil\u00e9gie le fonctionnement inconscient par rapport au fonctionnement conscient, pour vous aider \u00e0 r\u00e9soudre ses conflits int\u00e9rieurs et psychosomatiques.<\/p>\n\n\n\n<p class=\"has-headings-color has-text-color has-link-color wp-elements-cf16e754d204dbf957a0faed13e37f7b\" style=\"font-size:14px;font-style:normal;font-weight:100\">L&rsquo;Hypnose peut \u00eatre utilis\u00e9e seule, tout en \u00e9tant tr\u00e8s compl\u00e9mentaire \u00e0 d&rsquo;autres techniques comme la Sophrologie ou la Psychoth\u00e9rapie. Nous d\u00e9ciderons ensemble de la meilleure approche en fonction de vos probl\u00e9matiques et de votre besoin.<\/p>\n<\/div>\n\n\n\n<div class=\"wp-block-column is-vertically-aligned-center is-layout-flow wp-block-column-is-layout-flow\" style=\"flex-basis:33.33%\"><div class=\"wp-block-image\">\n<figure class=\"alignright size-full is-resized\"><img loading=\"lazy\" decoding=\"async\" width=\"1000\" height=\"714\" src=\"https:\/\/www.silvialucchetti.fr\/wp-content\/uploads\/2024\/02\/hypnose-2.jpg\" alt=\"\" class=\"wp-image-610\" style=\"width:227px;height:auto\" srcset=\"https:\/\/www.silvialucchetti.fr\/wp-content\/uploads\/2024\/02\/hypnose-2.jpg 1000w, https:\/\/www.silvialucchetti.fr\/wp-content\/uploads\/2024\/02\/hypnose-2-300x214.jpg 300w, https:\/\/www.silvialucchetti.fr\/wp-content\/uploads\/2024\/02\/hypnose-2-768x548.jpg 768w, https:\/\/www.silvialucchetti.fr\/wp-content\/uploads\/2024\/02\/hypnose-2-420x300.jpg 420w\" sizes=\"auto, (max-width: 1000px) 100vw, 1000px\" \/><\/figure>\n<\/div><\/div>\n<\/div>\n\n\n\n<h2 class=\"wp-block-heading\" style=\"font-size:16px\">Quels sont les Objectifs de l&rsquo;Hypnose?<\/h2>\n\n\n\n<div class=\"wp-block-columns is-layout-flex wp-container-core-columns-is-layout-9d6595d7 wp-block-columns-is-layout-flex\">\n<div class=\"wp-block-column is-vertically-aligned-center is-layout-flow wp-block-column-is-layout-flow\" style=\"flex-basis:33.33%\"><div class=\"wp-block-image is-style-rounded\">\n<figure class=\"aligncenter size-full is-resized\"><img loading=\"lazy\" decoding=\"async\" width=\"600\" height=\"600\" src=\"https:\/\/www.silvialucchetti.fr\/wp-content\/uploads\/2024\/02\/objectifs.webp\" alt=\"\" class=\"wp-image-607\" style=\"width:272px;height:auto\" srcset=\"https:\/\/www.silvialucchetti.fr\/wp-content\/uploads\/2024\/02\/objectifs.webp 600w, https:\/\/www.silvialucchetti.fr\/wp-content\/uploads\/2024\/02\/objectifs-300x300.webp 300w, https:\/\/www.silvialucchetti.fr\/wp-content\/uploads\/2024\/02\/objectifs-150x150.webp 150w\" sizes=\"auto, (max-width: 600px) 100vw, 600px\" \/><\/figure>\n<\/div><\/div>\n\n\n\n<div class=\"wp-block-column is-layout-flow wp-block-column-is-layout-flow\" style=\"flex-basis:66.66%\">\n<p><\/p>\n\n\n\n<p class=\"has-headings-color has-text-color has-link-color wp-elements-1c0949c7f0f43ae34db27db274da32bd\" style=\"font-size:14px\">L&rsquo;hypnose est utilis\u00e9e dans une vari\u00e9t\u00e9 de contextes pour atteindre diff\u00e9rents objectifs :<\/p>\n\n\n\n<p class=\"has-headings-color has-text-color has-link-color wp-elements-f3077326d9519e730cab95d092689c81\" style=\"font-size:14px\">Gestion du Stress et de l&rsquo;Anxi\u00e9t\u00e9 <\/p>\n\n\n\n<p class=\"has-headings-color has-text-color has-link-color wp-elements-dd81316ea0b8af1816841210fc169aca\" style=\"font-size:14px\">\u00c9tats d\u00e9pressifs <\/p>\n\n\n\n<p class=\"has-headings-color has-text-color has-link-color wp-elements-4d74a2a7cd0d20b2d5d728b66d36d5a6\" style=\"font-size:14px\">Burn Out <\/p>\n\n\n\n<p class=\"has-headings-color has-text-color has-link-color wp-elements-f71e0ca0e227376716a7277c73d1ebfa\" style=\"font-size:14px\">Phobies <\/p>\n\n\n\n<p class=\"has-headings-color has-text-color has-link-color wp-elements-90dcb2b7db3b165d6e9652ead76c98ac\" style=\"font-size:14px\">Arr\u00eat du tabac<\/p>\n\n\n\n<p class=\"has-headings-color has-text-color has-link-color wp-elements-48f191e924f7dcd0052783a8e9494f12\" style=\"font-size:14px\">Troubles du comportement alimentaire <\/p>\n\n\n\n<p class=\"has-headings-color has-text-color has-link-color wp-elements-b97c0fea15731474bbf3ae118437f940\" style=\"font-size:14px\">Gestion de la douleur<\/p>\n\n\n\n<p class=\"has-headings-color has-text-color has-link-color wp-elements-aa9f1c154fae39d24a6b62d714f7fa8d\" style=\"font-size:14px\">Am\u00e9lioration de la Confiance et de l&rsquo;Estime de Soi<\/p>\n<\/div>\n<\/div>\n\n\n\n<h2 class=\"wp-block-heading\" style=\"font-size:16px\">D\u00e9roulement d&rsquo;une s\u00e9ance d&rsquo;hypnose<\/h2>\n\n\n\n<div class=\"wp-block-columns is-layout-flex wp-container-core-columns-is-layout-9d6595d7 wp-block-columns-is-layout-flex\">\n<div class=\"wp-block-column is-layout-flow wp-block-column-is-layout-flow\" style=\"flex-basis:66.66%\">\n<p class=\"has-headings-color has-text-color has-link-color wp-elements-a2adf4f2faa2c30a093f28b50162d0bc\" style=\"font-size:14px\">Un premier entretien sera n\u00e9cessaire pour d\u00e9finir votre probl\u00e9matique et les objectifs \u00e0 atteindre. <\/p>\n\n\n\n<p class=\"has-text-align-left has-headings-color has-text-color has-link-color wp-elements-75da1a6f0e92959b5861897cf141f700\" style=\"font-size:14px\"> Les s\u00e9ances d&rsquo;hypnose durent entre 1h et 1h30 avec un temps d&rsquo;\u00e9change au d\u00e9but et \u00e0 la fin de la s\u00e9ance.<\/p>\n<\/div>\n\n\n\n<div class=\"wp-block-column is-vertically-aligned-center is-layout-flow wp-block-column-is-layout-flow\" style=\"flex-basis:33.33%\"><div class=\"wp-block-image\">\n<figure class=\"aligncenter size-full is-resized\"><img loading=\"lazy\" decoding=\"async\" width=\"612\" height=\"416\" src=\"https:\/\/www.silvialucchetti.fr\/wp-content\/uploads\/2024\/02\/hypnose3.jpg\" alt=\"\" class=\"wp-image-611\" style=\"width:321px;height:auto\" srcset=\"https:\/\/www.silvialucchetti.fr\/wp-content\/uploads\/2024\/02\/hypnose3.jpg 612w, https:\/\/www.silvialucchetti.fr\/wp-content\/uploads\/2024\/02\/hypnose3-300x204.jpg 300w, https:\/\/www.silvialucchetti.fr\/wp-content\/uploads\/2024\/02\/hypnose3-441x300.jpg 441w\" sizes=\"auto, (max-width: 612px) 100vw, 612px\" \/><\/figure>\n<\/div><\/div>\n<\/div>\n\n\n\n<h2 class=\"wp-block-heading\" style=\"font-size:16px\">Prenez le Premier Pas vers un Changement Positif<\/h2>\n\n\n\n<div class=\"wp-block-columns is-layout-flex wp-container-core-columns-is-layout-9d6595d7 wp-block-columns-is-layout-flex\">\n<div class=\"wp-block-column is-vertically-aligned-bottom is-layout-flow wp-block-column-is-layout-flow\" style=\"flex-basis:33.33%\">\n<div class=\"wp-block-buttons alignwide is-content-justification-center is-layout-flex wp-container-core-buttons-is-layout-28206b41 wp-block-buttons-is-layout-flex\"><\/div>\n\n\n\n<!-- RESALIB BADGE -->\n    <script>(function(d, s, id) {\n    var js, fjs = d.getElementsByTagName(s)[0];\n    if (d.getElementById(id)) return;\n    js = d.createElement(s); js.id = id;\n    js.src = \"https:\/\/www.resalib.fr\/script\/44402\/badge.js\";\n    fjs.parentNode.insertBefore(js, fjs);\n    }(document, \"script\", \"resalib-sdk\"));\n    <\/script>\n    <div class=\"rlb-badge \">\n    <a target=\"_blank\" href=\"https:\/\/www.resalib.fr\/praticien\/44402-silvia-lucchetti-sophrologue-les-avenieres-veyrins-thuellin\" rel=\"noopener\">Retrouvez Silvia LUCCHETTI sur Resalib : annuaire, r\u00e9f\u00e9rencement et prise de rendez-vous pour les Sophrologues<\/a>\n    <\/div>\n    <!-- RESALIB BADGE -->\n<\/div>\n\n\n\n<div class=\"wp-block-column is-layout-flow wp-block-column-is-layout-flow\" style=\"flex-basis:66.66%\">\n<p><\/p>\n\n\n\n<p class=\"has-headings-color has-text-color has-link-color wp-elements-bba086029c4ca75657057197918d5b36\" style=\"font-size:14px\">Lib\u00e9rez-vous des limitations qui entravent votre vie et embrassez un avenir rempli de possibilit\u00e9s. Contactez-moi d\u00e8s aujourd&rsquo;hui pour r\u00e9server votre consultation initiale et commencez votre voyage vers un bien-\u00eatre total gr\u00e2ce \u00e0 l&rsquo;hypnose ericksonienne.<\/p>\n<\/div>\n<\/div>\n\n\n\n<hr class=\"wp-block-separator has-alpha-channel-opacity\"\/>\n\n\n\n<p class=\"has-headings-color has-text-color has-link-color wp-elements-c05df309b990d7084bbffb4ae8132b64\" style=\"font-size:14px\">Mon accompagnement vient en compl\u00e9ment mais ne se substitue en aucun cas \u00e0 un suivi m\u00e9dical.<\/p>\n\n\n\n<hr class=\"wp-block-separator has-alpha-channel-opacity\"\/>\n\n\n\n<div class=\"wp-block-columns is-layout-flex wp-container-core-columns-is-layout-9d6595d7 wp-block-columns-is-layout-flex\">\n<div class=\"wp-block-column is-layout-flow wp-block-column-is-layout-flow\" style=\"flex-basis:66.66%\">\n<h6>Silvia LUCCHETTI EI<br \/>Sophrologue Psychopraticienne<br \/>210 Avenue Jacques GUILLERMAZ<br \/>38630 Les Aveni\u00e8res <br \/>T\u00e9l : 07 66 80 03 72<br \/>Mail : contact@silvialucchetti.fr<\/h6>\n<\/div>\n\n\n\n<div class=\"wp-block-column is-layout-flow wp-block-column-is-layout-flow\"><\/div>\n\n\n\n<div class=\"wp-block-column is-layout-flow wp-block-column-is-layout-flow\" style=\"flex-basis:33.33%\"><div class=\"wp-block-image\">\n<figure class=\"aligncenter size-full is-resized\"><img loading=\"lazy\" decoding=\"async\" width=\"724\" height=\"736\" src=\"http:\/\/www.silvialucchetti.fr\/wp-content\/uploads\/2024\/02\/logo-chambre-syndicale-2.jpg\" alt=\"\" class=\"wp-image-572\" style=\"width:99px;height:auto\" srcset=\"https:\/\/www.silvialucchetti.fr\/wp-content\/uploads\/2024\/02\/logo-chambre-syndicale-2.jpg 724w, https:\/\/www.silvialucchetti.fr\/wp-content\/uploads\/2024\/02\/logo-chambre-syndicale-2-295x300.jpg 295w\" sizes=\"auto, (max-width: 724px) 100vw, 724px\" \/><\/figure>\n<\/div><\/div>\n\n\n\n<div class=\"wp-block-column is-layout-flow wp-block-column-is-layout-flow\" style=\"flex-basis:33.33%\"><div class=\"wp-block-image\">\n<figure class=\"aligncenter size-full is-resized\"><img loading=\"lazy\" decoding=\"async\" width=\"225\" height=\"242\" src=\"http:\/\/www.silvialucchetti.fr\/wp-content\/uploads\/2023\/11\/363486705_2767659760040851_604997100159122941_n.png\" alt=\"\" class=\"wp-image-553\" style=\"width:92px;height:auto\"\/><\/figure>\n<\/div><\/div>\n\n\n\n<div class=\"wp-block-column is-layout-flow wp-block-column-is-layout-flow\" style=\"flex-basis:33.33%\"><div class=\"wp-block-image\">\n<figure class=\"aligncenter size-full is-resized\"><img loading=\"lazy\" decoding=\"async\" width=\"330\" height=\"256\" src=\"http:\/\/www.silvialucchetti.fr\/wp-content\/uploads\/2024\/02\/Badge-RNCP.png\" alt=\"\" class=\"wp-image-573\" style=\"width:137px;height:auto\" srcset=\"https:\/\/www.silvialucchetti.fr\/wp-content\/uploads\/2024\/02\/Badge-RNCP.png 330w, https:\/\/www.silvialucchetti.fr\/wp-content\/uploads\/2024\/02\/Badge-RNCP-300x233.png 300w\" sizes=\"auto, (max-width: 330px) 100vw, 330px\" \/><\/figure>\n<\/div><\/div>\n<\/div>\n","protected":false},"excerpt":{"rendered":"<p>Hypnose Ericksonienne L&rsquo;hypnose est une technique qui permet d&rsquo;induire un \u00e9tat de conscience particulier qui privil\u00e9gie le fonctionnement inconscient par rapport au fonctionnement conscient, pour &hellip;<\/p>\n","protected":false},"author":1,"featured_media":0,"parent":0,"menu_order":0,"comment_status":"closed","ping_status":"closed","template":"","meta":{"_ti_tpc_template_sync":false,"_ti_tpc_template_id":"","footnotes":""},"class_list":["post-591","page","type-page","status-publish","hentry"],"yoast_head":"<!-- This site is optimized with the Yoast SEO plugin v25.8 - https:\/\/yoast.com\/wordpress\/plugins\/seo\/ -->\n<title>Hypnose -<\/title>\n<meta name=\"robots\" content=\"index, follow, max-snippet:-1, max-image-preview:large, max-video-preview:-1\" \/>\n<link rel=\"canonical\" href=\"https:\/\/www.silvialucchetti.fr\/index.php\/hypnose\/\" \/>\n<meta property=\"og:locale\" content=\"fr_FR\" \/>\n<meta property=\"og:type\" content=\"article\" \/>\n<meta property=\"og:title\" content=\"Hypnose -\" \/>\n<meta property=\"og:description\" content=\"Hypnose Ericksonienne L&rsquo;hypnose est une technique qui permet d&rsquo;induire un \u00e9tat de conscience particulier qui privil\u00e9gie le fonctionnement inconscient par rapport au fonctionnement conscient, pour &hellip;\" \/>\n<meta property=\"og:url\" content=\"https:\/\/www.silvialucchetti.fr\/index.php\/hypnose\/\" \/>\n<meta property=\"article:publisher\" content=\"https:\/\/www.facebook.com\/psysl\" \/>\n<meta property=\"article:modified_time\" content=\"2024-08-25T16:26:08+00:00\" \/>\n<meta property=\"og:image\" content=\"https:\/\/www.silvialucchetti.fr\/wp-content\/uploads\/2024\/02\/hypnose-2.jpg\" \/>\n<meta name=\"twitter:card\" content=\"summary_large_image\" \/>\n<meta name=\"twitter:label1\" content=\"Dur\u00e9e de lecture estim\u00e9e\" \/>\n\t<meta name=\"twitter:data1\" content=\"3 minutes\" \/>\n<script type=\"application\/ld+json\" class=\"yoast-schema-graph\">{\"@context\":\"https:\/\/schema.org\",\"@graph\":[{\"@type\":\"WebPage\",\"@id\":\"https:\/\/www.silvialucchetti.fr\/index.php\/hypnose\/\",\"url\":\"https:\/\/www.silvialucchetti.fr\/index.php\/hypnose\/\",\"name\":\"Hypnose -\",\"isPartOf\":{\"@id\":\"https:\/\/www.silvialucchetti.fr\/#website\"},\"primaryImageOfPage\":{\"@id\":\"https:\/\/www.silvialucchetti.fr\/index.php\/hypnose\/#primaryimage\"},\"image\":{\"@id\":\"https:\/\/www.silvialucchetti.fr\/index.php\/hypnose\/#primaryimage\"},\"thumbnailUrl\":\"https:\/\/www.silvialucchetti.fr\/wp-content\/uploads\/2024\/02\/hypnose-2.jpg\",\"datePublished\":\"2024-02-28T11:53:35+00:00\",\"dateModified\":\"2024-08-25T16:26:08+00:00\",\"breadcrumb\":{\"@id\":\"https:\/\/www.silvialucchetti.fr\/index.php\/hypnose\/#breadcrumb\"},\"inLanguage\":\"fr-FR\",\"potentialAction\":[{\"@type\":\"ReadAction\",\"target\":[\"https:\/\/www.silvialucchetti.fr\/index.php\/hypnose\/\"]}]},{\"@type\":\"ImageObject\",\"inLanguage\":\"fr-FR\",\"@id\":\"https:\/\/www.silvialucchetti.fr\/index.php\/hypnose\/#primaryimage\",\"url\":\"https:\/\/www.silvialucchetti.fr\/wp-content\/uploads\/2024\/02\/hypnose-2.jpg\",\"contentUrl\":\"https:\/\/www.silvialucchetti.fr\/wp-content\/uploads\/2024\/02\/hypnose-2.jpg\",\"width\":1000,\"height\":714},{\"@type\":\"BreadcrumbList\",\"@id\":\"https:\/\/www.silvialucchetti.fr\/index.php\/hypnose\/#breadcrumb\",\"itemListElement\":[{\"@type\":\"ListItem\",\"position\":1,\"name\":\"Accueil\",\"item\":\"https:\/\/www.silvialucchetti.fr\/\"},{\"@type\":\"ListItem\",\"position\":2,\"name\":\"Hypnose\"}]},{\"@type\":\"WebSite\",\"@id\":\"https:\/\/www.silvialucchetti.fr\/#website\",\"url\":\"https:\/\/www.silvialucchetti.fr\/\",\"name\":\"\",\"description\":\"\",\"potentialAction\":[{\"@type\":\"SearchAction\",\"target\":{\"@type\":\"EntryPoint\",\"urlTemplate\":\"https:\/\/www.silvialucchetti.fr\/?s={search_term_string}\"},\"query-input\":{\"@type\":\"PropertyValueSpecification\",\"valueRequired\":true,\"valueName\":\"search_term_string\"}}],\"inLanguage\":\"fr-FR\"}]}<\/script>\n<!-- \/ Yoast SEO plugin. -->","yoast_head_json":{"title":"Hypnose -","robots":{"index":"index","follow":"follow","max-snippet":"max-snippet:-1","max-image-preview":"max-image-preview:large","max-video-preview":"max-video-preview:-1"},"canonical":"https:\/\/www.silvialucchetti.fr\/index.php\/hypnose\/","og_locale":"fr_FR","og_type":"article","og_title":"Hypnose -","og_description":"Hypnose Ericksonienne L&rsquo;hypnose est une technique qui permet d&rsquo;induire un \u00e9tat de conscience particulier qui privil\u00e9gie le fonctionnement inconscient par rapport au fonctionnement conscient, pour &hellip;","og_url":"https:\/\/www.silvialucchetti.fr\/index.php\/hypnose\/","article_publisher":"https:\/\/www.facebook.com\/psysl","article_modified_time":"2024-08-25T16:26:08+00:00","og_image":[{"url":"https:\/\/www.silvialucchetti.fr\/wp-content\/uploads\/2024\/02\/hypnose-2.jpg","type":"","width":"","height":""}],"twitter_card":"summary_large_image","twitter_misc":{"Dur\u00e9e de lecture estim\u00e9e":"3 minutes"},"schema":{"@context":"https:\/\/schema.org","@graph":[{"@type":"WebPage","@id":"https:\/\/www.silvialucchetti.fr\/index.php\/hypnose\/","url":"https:\/\/www.silvialucchetti.fr\/index.php\/hypnose\/","name":"Hypnose -","isPartOf":{"@id":"https:\/\/www.silvialucchetti.fr\/#website"},"primaryImageOfPage":{"@id":"https:\/\/www.silvialucchetti.fr\/index.php\/hypnose\/#primaryimage"},"image":{"@id":"https:\/\/www.silvialucchetti.fr\/index.php\/hypnose\/#primaryimage"},"thumbnailUrl":"https:\/\/www.silvialucchetti.fr\/wp-content\/uploads\/2024\/02\/hypnose-2.jpg","datePublished":"2024-02-28T11:53:35+00:00","dateModified":"2024-08-25T16:26:08+00:00","breadcrumb":{"@id":"https:\/\/www.silvialucchetti.fr\/index.php\/hypnose\/#breadcrumb"},"inLanguage":"fr-FR","potentialAction":[{"@type":"ReadAction","target":["https:\/\/www.silvialucchetti.fr\/index.php\/hypnose\/"]}]},{"@type":"ImageObject","inLanguage":"fr-FR","@id":"https:\/\/www.silvialucchetti.fr\/index.php\/hypnose\/#primaryimage","url":"https:\/\/www.silvialucchetti.fr\/wp-content\/uploads\/2024\/02\/hypnose-2.jpg","contentUrl":"https:\/\/www.silvialucchetti.fr\/wp-content\/uploads\/2024\/02\/hypnose-2.jpg","width":1000,"height":714},{"@type":"BreadcrumbList","@id":"https:\/\/www.silvialucchetti.fr\/index.php\/hypnose\/#breadcrumb","itemListElement":[{"@type":"ListItem","position":1,"name":"Accueil","item":"https:\/\/www.silvialucchetti.fr\/"},{"@type":"ListItem","position":2,"name":"Hypnose"}]},{"@type":"WebSite","@id":"https:\/\/www.silvialucchetti.fr\/#website","url":"https:\/\/www.silvialucchetti.fr\/","name":"","description":"","potentialAction":[{"@type":"SearchAction","target":{"@type":"EntryPoint","urlTemplate":"https:\/\/www.silvialucchetti.fr\/?s={search_term_string}"},"query-input":{"@type":"PropertyValueSpecification","valueRequired":true,"valueName":"search_term_string"}}],"inLanguage":"fr-FR"}]}},"_links":{"self":[{"href":"https:\/\/www.silvialucchetti.fr\/index.php\/wp-json\/wp\/v2\/pages\/591","targetHints":{"allow":["GET"]}}],"collection":[{"href":"https:\/\/www.silvialucchetti.fr\/index.php\/wp-json\/wp\/v2\/pages"}],"about":[{"href":"https:\/\/www.silvialucchetti.fr\/index.php\/wp-json\/wp\/v2\/types\/page"}],"author":[{"embeddable":true,"href":"https:\/\/www.silvialucchetti.fr\/index.php\/wp-json\/wp\/v2\/users\/1"}],"replies":[{"embeddable":true,"href":"https:\/\/www.silvialucchetti.fr\/index.php\/wp-json\/wp\/v2\/comments?post=591"}],"version-history":[{"count":21,"href":"https:\/\/www.silvialucchetti.fr\/index.php\/wp-json\/wp\/v2\/pages\/591\/revisions"}],"predecessor-version":[{"id":889,"href":"https:\/\/www.silvialucchetti.fr\/index.php\/wp-json\/wp\/v2\/pages\/591\/revisions\/889"}],"wp:attachment":[{"href":"https:\/\/www.silvialucchetti.fr\/index.php\/wp-json\/wp\/v2\/media?parent=591"}],"curies":[{"name":"wp","href":"https:\/\/api.w.org\/{rel}","templated":true}]}}