{"id":616,"date":"2024-02-28T20:03:33","date_gmt":"2024-02-28T19:03:33","guid":{"rendered":"https:\/\/www.silvialucchetti.fr\/?page_id=616"},"modified":"2024-08-25T17:58:35","modified_gmt":"2024-08-25T15:58:35","slug":"sophrologie-adulte","status":"publish","type":"page","link":"https:\/\/www.silvialucchetti.fr\/index.php\/sophrologie-adulte\/","title":{"rendered":"Sophrologie adulte"},"content":{"rendered":"\n<h1 class=\"wp-block-heading\" style=\"font-size:22px\">Sophrologie Adultes (\u00e0 partir de 16 ans)<\/h1>\n\n\n\n<hr class=\"wp-block-separator has-alpha-channel-opacity\"\/>\n\n\n\n<div class=\"wp-block-columns has-text-color has-link-color wp-elements-f8d0112e13f30d154c2edefda9f10c3b is-layout-flex wp-container-core-columns-is-layout-9d6595d7 wp-block-columns-is-layout-flex\" style=\"color:#070707\">\n<div class=\"wp-block-column is-layout-flow wp-block-column-is-layout-flow\" style=\"flex-basis:66.66%\">\n<p><\/p>\n\n\n\n<p class=\"has-headings-color has-text-color has-link-color wp-elements-8125383e3e06b9c3ef5852876620e324\" style=\"font-size:14px;font-style:normal;font-weight:100\">La Sophrologie vous permet de d\u00e9couvrir vos ressources et de prendre conscience de votre potentiel, d\u2019\u00eatre \u00e0 l\u2019\u00e9coute de votre corps, de poser un regard nouveau sur votre vie, de vous \u00e9panouir et aller vers un mieux-\u00eatre au quotidien et une harmonie physique et mentale.<\/p>\n<\/div>\n\n\n\n<div class=\"wp-block-column is-vertically-aligned-center is-layout-flow wp-block-column-is-layout-flow\" style=\"flex-basis:33.33%\"><div class=\"wp-block-image\">\n<figure class=\"alignright size-full is-resized\"><img loading=\"lazy\" decoding=\"async\" width=\"1000\" height=\"714\" src=\"https:\/\/www.silvialucchetti.fr\/wp-content\/uploads\/2024\/02\/hypnose-2.jpg\" alt=\"\" class=\"wp-image-610\" style=\"width:246px;height:auto\" srcset=\"https:\/\/www.silvialucchetti.fr\/wp-content\/uploads\/2024\/02\/hypnose-2.jpg 1000w, https:\/\/www.silvialucchetti.fr\/wp-content\/uploads\/2024\/02\/hypnose-2-300x214.jpg 300w, https:\/\/www.silvialucchetti.fr\/wp-content\/uploads\/2024\/02\/hypnose-2-768x548.jpg 768w, https:\/\/www.silvialucchetti.fr\/wp-content\/uploads\/2024\/02\/hypnose-2-420x300.jpg 420w\" sizes=\"auto, (max-width: 1000px) 100vw, 1000px\" \/><\/figure>\n<\/div><\/div>\n<\/div>\n\n\n\n<h2 class=\"wp-block-heading\" style=\"font-size:16px\">Quels sont les Objectifs de la Sophrologie ?<\/h2>\n\n\n\n<div class=\"wp-block-columns is-layout-flex wp-container-core-columns-is-layout-9d6595d7 wp-block-columns-is-layout-flex\">\n<div class=\"wp-block-column is-vertically-aligned-center is-layout-flow wp-block-column-is-layout-flow\" style=\"flex-basis:33.33%\"><div class=\"wp-block-image is-style-rounded\">\n<figure class=\"aligncenter size-full is-resized\"><img loading=\"lazy\" decoding=\"async\" width=\"600\" height=\"600\" src=\"https:\/\/www.silvialucchetti.fr\/wp-content\/uploads\/2024\/02\/objectifs.webp\" alt=\"\" class=\"wp-image-607\" style=\"width:272px;height:auto\" srcset=\"https:\/\/www.silvialucchetti.fr\/wp-content\/uploads\/2024\/02\/objectifs.webp 600w, https:\/\/www.silvialucchetti.fr\/wp-content\/uploads\/2024\/02\/objectifs-300x300.webp 300w, https:\/\/www.silvialucchetti.fr\/wp-content\/uploads\/2024\/02\/objectifs-150x150.webp 150w\" sizes=\"auto, (max-width: 600px) 100vw, 600px\" \/><\/figure>\n<\/div><\/div>\n\n\n\n<div class=\"wp-block-column is-layout-flow wp-block-column-is-layout-flow\" style=\"flex-basis:66.66%\">\n<p class=\"has-headings-color has-text-color has-link-color wp-elements-57c0d5006a5fc525035ff2767c2690b5\" style=\"font-size:14px\">Gestion du stress, des \u00e9motions<\/p>\n\n\n\n<p class=\"has-headings-color has-text-color has-link-color wp-elements-25285d3b018e05fd4f9a2bfd1244f858\" style=\"font-size:14px\">Anxi\u00e9t\u00e9<\/p>\n\n\n\n<p class=\"has-headings-color has-text-color has-link-color wp-elements-81aacd5a7f37656c82eefc2662ea1101\" style=\"font-size:14px\">D\u00e9pression<\/p>\n\n\n\n<p class=\"has-headings-color has-text-color has-link-color wp-elements-84e43cf5832c5d975f1c8638412eaa63\" style=\"font-size:14px\">Burn out<\/p>\n\n\n\n<p class=\"has-headings-color has-text-color has-link-color wp-elements-c18e7eb90292c91380febe9ad60c47a2\" style=\"font-size:14px\">Troubles du sommeil<\/p>\n\n\n\n<p class=\"has-headings-color has-text-color has-link-color wp-elements-eeba452b786f9298eeb4a32a7ea48095\" style=\"font-size:14px\">Confiance en soi et estime de soi<\/p>\n\n\n\n<p class=\"has-headings-color has-text-color has-link-color wp-elements-b97c0fea15731474bbf3ae118437f940\" style=\"font-size:14px\">Gestion de la douleur<\/p>\n\n\n\n<p class=\"has-headings-color has-text-color has-link-color wp-elements-e1a13ee8e194861735d20536e9d40409\" style=\"font-size:14px\">Troubles du comportement alimentaire<\/p>\n\n\n\n<p class=\"has-headings-color has-text-color has-link-color wp-elements-226a615c996027a555bcba9bb89e53e4\" style=\"font-size:14px\">Phobies<\/p>\n\n\n\n<p class=\"has-headings-color has-text-color has-link-color wp-elements-8472dc1c9f14fe98a9e98cfd78c1d686\" style=\"font-size:14px\">Addictions <\/p>\n\n\n\n<p class=\"has-headings-color has-text-color has-link-color wp-elements-9f2b25ab598acdab294cd6ba38db114e\" style=\"font-size:14px\">Pr\u00e9paration aux examens<\/p>\n<\/div>\n<\/div>\n\n\n\n<h2 class=\"wp-block-heading\" style=\"font-size:16px\">D\u00e9roulement d&rsquo;une s\u00e9ance de Sophrologie<\/h2>\n\n\n\n<div class=\"wp-block-columns is-layout-flex wp-container-core-columns-is-layout-9d6595d7 wp-block-columns-is-layout-flex\">\n<div class=\"wp-block-column is-layout-flow wp-block-column-is-layout-flow\" style=\"flex-basis:66.66%\">\n<p class=\"has-headings-color has-text-color has-link-color wp-elements-43fb98e13722b863f41b330560314e3c\" style=\"font-size:14px\">Ces s\u00e9ances s&rsquo;adressent aux personnes de 16 ans et plus, pour les enfants c&rsquo;est tout \u00e0 fait possible;<\/p>\n\n\n\n<p class=\"has-headings-color has-text-color has-link-color wp-elements-0d0f4aaf03139cce271620dd6ddb72df\" style=\"font-size:14px\">Une premi\u00e8re s\u00e9ance, qui dure entre 1h et 1h30, est destin\u00e9e \u00e0 l\u2019anamn\u00e8se. Nous discuterons ensemble de vos difficult\u00e9s et des objectifs que vous souhaiteriez \u00e0 atteindre. Elle me permettra \u00e9galement \u00e0 d\u00e9terminer quelle est l\u2019approche la plus adapt\u00e9 \u00e0 votre probl\u00e9matique.<\/p>\n\n\n\n<p class=\"has-headings-color has-text-color has-link-color wp-elements-f212948e2ee60a17cc7363648f88bd6c\" style=\"font-size:14px\">Ensuite, nous pratiquerons ensemble quelques exercices pour vous permettre de d\u00e9couvrir la sophrologie. Les s\u00e9ances suivantes dureront environ 1h et seront d\u00e9coup\u00e9es en trois temps&nbsp;:<\/p>\n\n\n\n<p class=\"has-headings-color has-text-color has-link-color wp-elements-ca4dd0ca7ab203a37ec5ae9bc6448564\" style=\"font-size:14px\">&#8211; Un temps d\u2019accueil et d\u2019\u00e9change qui vous permet d\u2019exprimer vos besoins, vos envies, mais \u00e9galement de me faire conna\u00eetre votre \u00e9tat g\u00e9n\u00e9ral qu\u2019il soit physique ou \u00e9motionnel.<\/p>\n\n\n\n<p class=\"has-headings-color has-text-color has-link-color wp-elements-61c7fac6fff5a0dc76e7efcfd91702d9\" style=\"font-size:14px\">&#8211; Cet \u00e9change est suivi par l\u2019encha\u00eenement d\u2019exercices de sophrologie, \u00e0 savoir les relaxations dynamiques qui ont pour but le rel\u00e2chement de tensions corporelles, ainsi que les sophronisations (visualisations d\u2019images positives guid\u00e9es par ma voix).<\/p>\n\n\n\n<p class=\"has-headings-color has-text-color has-link-color wp-elements-b397132f454bc3d6e985236c8ad15110\" style=\"font-size:14px\">&#8211; La s\u00e9ance se termine \u00e0 nouveau sur un temps d\u2019\u00e9change qui vous permet cette fois d\u2019exprimer les ressentis v\u00e9cus au cours de la s\u00e9ance.<\/p>\n<\/div>\n\n\n\n<div class=\"wp-block-column is-vertically-aligned-center is-layout-flow wp-block-column-is-layout-flow\" style=\"flex-basis:33.33%\"><div class=\"wp-block-image\">\n<figure class=\"aligncenter size-full is-resized\"><img loading=\"lazy\" decoding=\"async\" width=\"865\" height=\"748\" src=\"https:\/\/www.silvialucchetti.fr\/wp-content\/uploads\/2024\/02\/426197675_382125464627244_6081884626398857210_n.png\" alt=\"\" class=\"wp-image-647\" style=\"width:321px;height:auto\" srcset=\"https:\/\/www.silvialucchetti.fr\/wp-content\/uploads\/2024\/02\/426197675_382125464627244_6081884626398857210_n.png 865w, https:\/\/www.silvialucchetti.fr\/wp-content\/uploads\/2024\/02\/426197675_382125464627244_6081884626398857210_n-300x259.png 300w, https:\/\/www.silvialucchetti.fr\/wp-content\/uploads\/2024\/02\/426197675_382125464627244_6081884626398857210_n-768x664.png 768w, https:\/\/www.silvialucchetti.fr\/wp-content\/uploads\/2024\/02\/426197675_382125464627244_6081884626398857210_n-347x300.png 347w\" sizes=\"auto, (max-width: 865px) 100vw, 865px\" \/><\/figure>\n<\/div><\/div>\n<\/div>\n\n\n\n<h2 class=\"wp-block-heading\" style=\"font-size:16px\">S\u00e9ances en ligne<\/h2>\n\n\n\n<div class=\"wp-block-columns is-layout-flex wp-container-core-columns-is-layout-9d6595d7 wp-block-columns-is-layout-flex\">\n<div class=\"wp-block-column is-layout-flow wp-block-column-is-layout-flow\" style=\"flex-basis:33.33%\">\n<figure class=\"wp-block-image size-full is-resized\"><img loading=\"lazy\" decoding=\"async\" width=\"251\" height=\"201\" src=\"https:\/\/www.silvialucchetti.fr\/wp-content\/uploads\/2024\/02\/visio.jpeg\" alt=\"\" class=\"wp-image-645\" style=\"width:216px;height:auto\"\/><\/figure>\n<\/div>\n\n\n\n<div class=\"wp-block-column is-layout-flow wp-block-column-is-layout-flow\" style=\"flex-basis:66.66%\">\n<p class=\"has-headings-color has-text-color has-link-color wp-elements-6f9b43f6c213ae509da41b4bc3cbbddd\" style=\"font-size:14px\">Les s\u00e9ances de sophrologie adulte peuvent avoir lieu \u00e9galement en t\u00e9l\u00e9consultation.<\/p>\n\n\n\n<p class=\"has-headings-color has-text-color has-link-color wp-elements-e5c057e3af781efe0b2708075b29e9c1\" style=\"font-size:14px\">La s\u00e9ance en ligne se d\u00e9roule de la m\u00eame mani\u00e8re que la s\u00e9ance au cabinet et pr\u00e9sente la m\u00eame efficacit\u00e9.<\/p>\n\n\n\n<p class=\"has-headings-color has-text-color has-link-color wp-elements-29f00a94a7528716c44a9fa18f4be820\" style=\"font-size:14px\">N&rsquo;h\u00e9sitez pas \u00e0 me contacter de plus amples informations<\/p>\n<\/div>\n<\/div>\n\n\n\n<h2 class=\"wp-block-heading\" style=\"font-size:16px\">Prenez le Premier Pas vers un Changement Positif<\/h2>\n\n\n\n<div class=\"wp-block-columns is-layout-flex wp-container-core-columns-is-layout-9d6595d7 wp-block-columns-is-layout-flex\">\n<div class=\"wp-block-column is-vertically-aligned-bottom is-layout-flow wp-block-column-is-layout-flow\" style=\"flex-basis:33.33%\">\n<!-- RESALIB BADGE -->\n    <script>(function(d, s, id) {\n    var js, fjs = d.getElementsByTagName(s)[0];\n    if (d.getElementById(id)) return;\n    js = d.createElement(s); js.id = id;\n    js.src = \"https:\/\/www.resalib.fr\/script\/44402\/badge.js\";\n    fjs.parentNode.insertBefore(js, fjs);\n    }(document, \"script\", \"resalib-sdk\"));\n    <\/script>\n    <div class=\"rlb-badge \">\n    <a target=\"_blank\" href=\"https:\/\/www.resalib.fr\/praticien\/44402-silvia-lucchetti-sophrologue-les-avenieres-veyrins-thuellin\" rel=\"noopener\">Retrouvez Silvia LUCCHETTI sur Resalib : annuaire, r\u00e9f\u00e9rencement et prise de rendez-vous pour les Sophrologues<\/a>\n    <\/div>\n    <!-- RESALIB BADGE -->\n<\/div>\n\n\n\n<div class=\"wp-block-column is-layout-flow wp-block-column-is-layout-flow\" style=\"flex-basis:66.66%\">\n<p><\/p>\n\n\n\n<p class=\"has-headings-color has-text-color has-link-color wp-elements-2f1f0bbf44694b37090019c002ca6304\" style=\"font-size:14px\">Lib\u00e9rez-vous des limitations qui entravent votre vie et embrassez un avenir rempli de possibilit\u00e9s. <\/p>\n\n\n\n<p class=\"has-headings-color has-text-color has-link-color wp-elements-3a12957e42354edc6d8f03dd87e4a632\" style=\"font-size:14px\">Contactez-moi d\u00e8s aujourd&rsquo;hui pour r\u00e9server votre consultation initiale et commencer votre voyage vers un bien-\u00eatre total gr\u00e2ce \u00e0 la Sophrologie.<\/p>\n<\/div>\n<\/div>\n\n\n\n<hr class=\"wp-block-separator has-alpha-channel-opacity\"\/>\n\n\n\n<p class=\"has-headings-color has-text-color has-link-color wp-elements-c05df309b990d7084bbffb4ae8132b64\" style=\"font-size:14px\">Mon accompagnement vient en compl\u00e9ment mais ne se substitue en aucun cas \u00e0 un suivi m\u00e9dical.<\/p>\n\n\n\n<hr class=\"wp-block-separator has-alpha-channel-opacity\"\/>\n\n\n\n<div class=\"wp-block-columns is-layout-flex wp-container-core-columns-is-layout-9d6595d7 wp-block-columns-is-layout-flex\">\n<div class=\"wp-block-column is-layout-flow wp-block-column-is-layout-flow\" style=\"flex-basis:66.66%\">\n<h6>Silvia LUCCHETTI EI<br \/>Sophrologue Psychopraticienne<br \/>210 Avenue Jacques GUILLERMAZ<br \/>38630 Les Aveni\u00e8res <br \/>T\u00e9l : 07 66 80 03 72<br \/>Mail : contact@silvialucchetti.fr<\/h6>\n<\/div>\n\n\n\n<div class=\"wp-block-column is-layout-flow wp-block-column-is-layout-flow\"><\/div>\n\n\n\n<div class=\"wp-block-column is-layout-flow wp-block-column-is-layout-flow\" style=\"flex-basis:33.33%\"><div class=\"wp-block-image\">\n<figure class=\"aligncenter size-full is-resized\"><img loading=\"lazy\" decoding=\"async\" width=\"724\" height=\"736\" src=\"http:\/\/www.silvialucchetti.fr\/wp-content\/uploads\/2024\/02\/logo-chambre-syndicale-2.jpg\" alt=\"\" class=\"wp-image-572\" style=\"width:149px;height:auto\" srcset=\"https:\/\/www.silvialucchetti.fr\/wp-content\/uploads\/2024\/02\/logo-chambre-syndicale-2.jpg 724w, https:\/\/www.silvialucchetti.fr\/wp-content\/uploads\/2024\/02\/logo-chambre-syndicale-2-295x300.jpg 295w\" sizes=\"auto, (max-width: 724px) 100vw, 724px\" \/><\/figure>\n<\/div><\/div>\n\n\n\n<div class=\"wp-block-column is-layout-flow wp-block-column-is-layout-flow\" style=\"flex-basis:33.33%\"><div class=\"wp-block-image\">\n<figure class=\"aligncenter size-full is-resized\"><img loading=\"lazy\" decoding=\"async\" width=\"225\" height=\"242\" src=\"http:\/\/www.silvialucchetti.fr\/wp-content\/uploads\/2023\/11\/363486705_2767659760040851_604997100159122941_n.png\" alt=\"\" class=\"wp-image-553\" style=\"width:152px;height:auto\"\/><\/figure>\n<\/div><\/div>\n\n\n\n<div class=\"wp-block-column is-layout-flow wp-block-column-is-layout-flow\" style=\"flex-basis:33.33%\"><div class=\"wp-block-image\">\n<figure class=\"aligncenter size-full is-resized\"><img loading=\"lazy\" decoding=\"async\" width=\"330\" height=\"256\" src=\"http:\/\/www.silvialucchetti.fr\/wp-content\/uploads\/2024\/02\/Badge-RNCP.png\" alt=\"\" class=\"wp-image-573\" style=\"width:180px;height:auto\" srcset=\"https:\/\/www.silvialucchetti.fr\/wp-content\/uploads\/2024\/02\/Badge-RNCP.png 330w, https:\/\/www.silvialucchetti.fr\/wp-content\/uploads\/2024\/02\/Badge-RNCP-300x233.png 300w\" sizes=\"auto, (max-width: 330px) 100vw, 330px\" \/><\/figure>\n<\/div><\/div>\n<\/div>\n","protected":false},"excerpt":{"rendered":"<p>Sophrologie Adultes (\u00e0 partir de 16 ans) La Sophrologie vous permet de d\u00e9couvrir vos ressources et de prendre conscience de votre potentiel, d\u2019\u00eatre \u00e0 l\u2019\u00e9coute &hellip;<\/p>\n","protected":false},"author":1,"featured_media":0,"parent":0,"menu_order":0,"comment_status":"closed","ping_status":"closed","template":"","meta":{"_ti_tpc_template_sync":false,"_ti_tpc_template_id":"","footnotes":""},"class_list":["post-616","page","type-page","status-publish","hentry"],"yoast_head":"<!-- This site is optimized with the Yoast SEO plugin v25.8 - https:\/\/yoast.com\/wordpress\/plugins\/seo\/ -->\n<title>Sophrologie adulte -<\/title>\n<meta name=\"description\" content=\"sophrologie adultes relaxation bien-\u00eatre mieux-\u00eatre stress anxi\u00e9t\u00e9 th\u00e9rapie psychoth\u00e9rapie s\u00e9ance visio t\u00e9l\u00e9consultation\" \/>\n<meta name=\"robots\" content=\"index, follow, max-snippet:-1, max-image-preview:large, max-video-preview:-1\" \/>\n<link rel=\"canonical\" href=\"https:\/\/www.silvialucchetti.fr\/index.php\/sophrologie-adulte\/\" \/>\n<meta property=\"og:locale\" content=\"fr_FR\" \/>\n<meta property=\"og:type\" content=\"article\" \/>\n<meta property=\"og:title\" content=\"Sophrologie adulte -\" \/>\n<meta property=\"og:description\" content=\"sophrologie adultes relaxation bien-\u00eatre mieux-\u00eatre stress anxi\u00e9t\u00e9 th\u00e9rapie psychoth\u00e9rapie s\u00e9ance visio t\u00e9l\u00e9consultation\" \/>\n<meta property=\"og:url\" content=\"https:\/\/www.silvialucchetti.fr\/index.php\/sophrologie-adulte\/\" \/>\n<meta property=\"article:publisher\" content=\"https:\/\/www.facebook.com\/psysl\" \/>\n<meta property=\"article:modified_time\" content=\"2024-08-25T15:58:35+00:00\" \/>\n<meta property=\"og:image\" content=\"https:\/\/www.silvialucchetti.fr\/wp-content\/uploads\/2024\/02\/hypnose-2.jpg\" \/>\n<meta name=\"twitter:card\" content=\"summary_large_image\" \/>\n<meta name=\"twitter:label1\" content=\"Dur\u00e9e de lecture estim\u00e9e\" \/>\n\t<meta name=\"twitter:data1\" content=\"4 minutes\" \/>\n<script type=\"application\/ld+json\" class=\"yoast-schema-graph\">{\"@context\":\"https:\/\/schema.org\",\"@graph\":[{\"@type\":\"WebPage\",\"@id\":\"https:\/\/www.silvialucchetti.fr\/index.php\/sophrologie-adulte\/\",\"url\":\"https:\/\/www.silvialucchetti.fr\/index.php\/sophrologie-adulte\/\",\"name\":\"Sophrologie adulte -\",\"isPartOf\":{\"@id\":\"https:\/\/www.silvialucchetti.fr\/#website\"},\"primaryImageOfPage\":{\"@id\":\"https:\/\/www.silvialucchetti.fr\/index.php\/sophrologie-adulte\/#primaryimage\"},\"image\":{\"@id\":\"https:\/\/www.silvialucchetti.fr\/index.php\/sophrologie-adulte\/#primaryimage\"},\"thumbnailUrl\":\"https:\/\/www.silvialucchetti.fr\/wp-content\/uploads\/2024\/02\/hypnose-2.jpg\",\"datePublished\":\"2024-02-28T19:03:33+00:00\",\"dateModified\":\"2024-08-25T15:58:35+00:00\",\"description\":\"sophrologie adultes relaxation bien-\u00eatre mieux-\u00eatre stress anxi\u00e9t\u00e9 th\u00e9rapie psychoth\u00e9rapie s\u00e9ance visio t\u00e9l\u00e9consultation\",\"breadcrumb\":{\"@id\":\"https:\/\/www.silvialucchetti.fr\/index.php\/sophrologie-adulte\/#breadcrumb\"},\"inLanguage\":\"fr-FR\",\"potentialAction\":[{\"@type\":\"ReadAction\",\"target\":[\"https:\/\/www.silvialucchetti.fr\/index.php\/sophrologie-adulte\/\"]}]},{\"@type\":\"ImageObject\",\"inLanguage\":\"fr-FR\",\"@id\":\"https:\/\/www.silvialucchetti.fr\/index.php\/sophrologie-adulte\/#primaryimage\",\"url\":\"https:\/\/www.silvialucchetti.fr\/wp-content\/uploads\/2024\/02\/hypnose-2.jpg\",\"contentUrl\":\"https:\/\/www.silvialucchetti.fr\/wp-content\/uploads\/2024\/02\/hypnose-2.jpg\",\"width\":1000,\"height\":714},{\"@type\":\"BreadcrumbList\",\"@id\":\"https:\/\/www.silvialucchetti.fr\/index.php\/sophrologie-adulte\/#breadcrumb\",\"itemListElement\":[{\"@type\":\"ListItem\",\"position\":1,\"name\":\"Accueil\",\"item\":\"https:\/\/www.silvialucchetti.fr\/\"},{\"@type\":\"ListItem\",\"position\":2,\"name\":\"Sophrologie adulte\"}]},{\"@type\":\"WebSite\",\"@id\":\"https:\/\/www.silvialucchetti.fr\/#website\",\"url\":\"https:\/\/www.silvialucchetti.fr\/\",\"name\":\"\",\"description\":\"\",\"potentialAction\":[{\"@type\":\"SearchAction\",\"target\":{\"@type\":\"EntryPoint\",\"urlTemplate\":\"https:\/\/www.silvialucchetti.fr\/?s={search_term_string}\"},\"query-input\":{\"@type\":\"PropertyValueSpecification\",\"valueRequired\":true,\"valueName\":\"search_term_string\"}}],\"inLanguage\":\"fr-FR\"}]}<\/script>\n<!-- \/ Yoast SEO plugin. -->","yoast_head_json":{"title":"Sophrologie adulte -","description":"sophrologie adultes relaxation bien-\u00eatre mieux-\u00eatre stress anxi\u00e9t\u00e9 th\u00e9rapie psychoth\u00e9rapie s\u00e9ance visio t\u00e9l\u00e9consultation","robots":{"index":"index","follow":"follow","max-snippet":"max-snippet:-1","max-image-preview":"max-image-preview:large","max-video-preview":"max-video-preview:-1"},"canonical":"https:\/\/www.silvialucchetti.fr\/index.php\/sophrologie-adulte\/","og_locale":"fr_FR","og_type":"article","og_title":"Sophrologie adulte -","og_description":"sophrologie adultes relaxation bien-\u00eatre mieux-\u00eatre stress anxi\u00e9t\u00e9 th\u00e9rapie psychoth\u00e9rapie s\u00e9ance visio t\u00e9l\u00e9consultation","og_url":"https:\/\/www.silvialucchetti.fr\/index.php\/sophrologie-adulte\/","article_publisher":"https:\/\/www.facebook.com\/psysl","article_modified_time":"2024-08-25T15:58:35+00:00","og_image":[{"url":"https:\/\/www.silvialucchetti.fr\/wp-content\/uploads\/2024\/02\/hypnose-2.jpg","type":"","width":"","height":""}],"twitter_card":"summary_large_image","twitter_misc":{"Dur\u00e9e de lecture estim\u00e9e":"4 minutes"},"schema":{"@context":"https:\/\/schema.org","@graph":[{"@type":"WebPage","@id":"https:\/\/www.silvialucchetti.fr\/index.php\/sophrologie-adulte\/","url":"https:\/\/www.silvialucchetti.fr\/index.php\/sophrologie-adulte\/","name":"Sophrologie adulte -","isPartOf":{"@id":"https:\/\/www.silvialucchetti.fr\/#website"},"primaryImageOfPage":{"@id":"https:\/\/www.silvialucchetti.fr\/index.php\/sophrologie-adulte\/#primaryimage"},"image":{"@id":"https:\/\/www.silvialucchetti.fr\/index.php\/sophrologie-adulte\/#primaryimage"},"thumbnailUrl":"https:\/\/www.silvialucchetti.fr\/wp-content\/uploads\/2024\/02\/hypnose-2.jpg","datePublished":"2024-02-28T19:03:33+00:00","dateModified":"2024-08-25T15:58:35+00:00","description":"sophrologie adultes relaxation bien-\u00eatre mieux-\u00eatre stress anxi\u00e9t\u00e9 th\u00e9rapie psychoth\u00e9rapie s\u00e9ance visio t\u00e9l\u00e9consultation","breadcrumb":{"@id":"https:\/\/www.silvialucchetti.fr\/index.php\/sophrologie-adulte\/#breadcrumb"},"inLanguage":"fr-FR","potentialAction":[{"@type":"ReadAction","target":["https:\/\/www.silvialucchetti.fr\/index.php\/sophrologie-adulte\/"]}]},{"@type":"ImageObject","inLanguage":"fr-FR","@id":"https:\/\/www.silvialucchetti.fr\/index.php\/sophrologie-adulte\/#primaryimage","url":"https:\/\/www.silvialucchetti.fr\/wp-content\/uploads\/2024\/02\/hypnose-2.jpg","contentUrl":"https:\/\/www.silvialucchetti.fr\/wp-content\/uploads\/2024\/02\/hypnose-2.jpg","width":1000,"height":714},{"@type":"BreadcrumbList","@id":"https:\/\/www.silvialucchetti.fr\/index.php\/sophrologie-adulte\/#breadcrumb","itemListElement":[{"@type":"ListItem","position":1,"name":"Accueil","item":"https:\/\/www.silvialucchetti.fr\/"},{"@type":"ListItem","position":2,"name":"Sophrologie adulte"}]},{"@type":"WebSite","@id":"https:\/\/www.silvialucchetti.fr\/#website","url":"https:\/\/www.silvialucchetti.fr\/","name":"","description":"","potentialAction":[{"@type":"SearchAction","target":{"@type":"EntryPoint","urlTemplate":"https:\/\/www.silvialucchetti.fr\/?s={search_term_string}"},"query-input":{"@type":"PropertyValueSpecification","valueRequired":true,"valueName":"search_term_string"}}],"inLanguage":"fr-FR"}]}},"_links":{"self":[{"href":"https:\/\/www.silvialucchetti.fr\/index.php\/wp-json\/wp\/v2\/pages\/616","targetHints":{"allow":["GET"]}}],"collection":[{"href":"https:\/\/www.silvialucchetti.fr\/index.php\/wp-json\/wp\/v2\/pages"}],"about":[{"href":"https:\/\/www.silvialucchetti.fr\/index.php\/wp-json\/wp\/v2\/types\/page"}],"author":[{"embeddable":true,"href":"https:\/\/www.silvialucchetti.fr\/index.php\/wp-json\/wp\/v2\/users\/1"}],"replies":[{"embeddable":true,"href":"https:\/\/www.silvialucchetti.fr\/index.php\/wp-json\/wp\/v2\/comments?post=616"}],"version-history":[{"count":25,"href":"https:\/\/www.silvialucchetti.fr\/index.php\/wp-json\/wp\/v2\/pages\/616\/revisions"}],"predecessor-version":[{"id":880,"href":"https:\/\/www.silvialucchetti.fr\/index.php\/wp-json\/wp\/v2\/pages\/616\/revisions\/880"}],"wp:attachment":[{"href":"https:\/\/www.silvialucchetti.fr\/index.php\/wp-json\/wp\/v2\/media?parent=616"}],"curies":[{"name":"wp","href":"https:\/\/api.w.org\/{rel}","templated":true}]}}