{"id":686,"date":"2024-02-29T15:32:46","date_gmt":"2024-02-29T14:32:46","guid":{"rendered":"https:\/\/www.silvialucchetti.fr\/?page_id=686"},"modified":"2024-08-25T18:00:16","modified_gmt":"2024-08-25T16:00:16","slug":"sophrologie","status":"publish","type":"page","link":"https:\/\/www.silvialucchetti.fr\/index.php\/sophrologie\/","title":{"rendered":"Sophrologie"},"content":{"rendered":"\n<h1 class=\"wp-block-heading has-headings-color has-text-color has-link-color has-larger-font-size wp-elements-76394adc0b28a97af0cfd830882a4abe\">Sophrologie Les Aveni\u00e8res<\/h1>\n\n\n\n<div class=\"wp-block-columns is-layout-flex wp-container-core-columns-is-layout-9d6595d7 wp-block-columns-is-layout-flex\">\n<div class=\"wp-block-column is-layout-flow wp-block-column-is-layout-flow\" style=\"flex-basis:100%\">\n<div class=\"wp-block-columns has-text-color has-link-color wp-elements-c0a0f8691b452711a8fdca59b6641938 is-layout-flex wp-container-core-columns-is-layout-9d6595d7 wp-block-columns-is-layout-flex\" style=\"color:#070707\">\n<div class=\"wp-block-column is-layout-flow wp-block-column-is-layout-flow\" style=\"flex-basis:66%\">\n<p><\/p>\n\n\n\n<p class=\"has-headings-color has-text-color has-link-color has-normal-font-size wp-elements-e35387c54e83c2b47a712893a5c47b82\" style=\"font-style:normal;font-weight:100\">Cr\u00e9e en 1960 par le neuropsychiatre Alphonso Caycedo, la sophrologie emploie un ensemble de techniques qui vont agir sur le corps et sur le mental. Elle combine des exercices qui travaillent sur la respiration, la d\u00e9contraction musculaire et l\u2019imagerie mentale (ou visualisation). Toutes ces techniques permettent de retrouver un \u00e9tat de bien-\u00eatre et d\u2019activer tout son potentiel. La sophrologie permet d\u2019acqu\u00e9rir une meilleure connaissance de soi et d\u2019affronter les d\u00e9fis du quotidien avec s\u00e9r\u00e9nit\u00e9.<\/p>\n\n\n\n<p class=\"has-headings-color has-text-color has-link-color has-normal-font-size wp-elements-b25702c8a410c3b3b7eb77380b629f33\" style=\"font-style:normal;font-weight:100\">La sophrologie a d\u2019abord \u00e9t\u00e9 utilis\u00e9e en milieu m\u00e9dical et notamment dans le domaine psychiatrique. A la fin des ann\u00e9es 1970, la sophrologie ayant prouv\u00e9 son efficacit\u00e9, s\u2019ouvre au grand public. Depuis ses bienfaits sont de plus en plus reconnus.<\/p>\n\n\n\n<p class=\"has-headings-color has-text-color has-link-color has-normal-font-size wp-elements-e06050d867e6eb0e8f6d6bf5e7bea0de\">Apr\u00e8s plus de&nbsp;60 ans d\u2019existence, la sophrologie poursuit aujourd\u2019hui son \u00e9volution parfaitement en phase avec les derni\u00e8res avanc\u00e9es des neurosciences.<\/p>\n<\/div>\n\n\n\n<div class=\"wp-block-column is-layout-flow wp-block-column-is-layout-flow\" style=\"flex-basis:33%\"><\/div>\n<\/div>\n\n\n\n<h2 class=\"wp-block-heading has-large-font-size\">Qui peut en b\u00e9n\u00e9ficier?<\/h2>\n\n\n\n<div class=\"wp-block-group\"><div class=\"wp-block-group__inner-container is-layout-constrained wp-block-group-is-layout-constrained\">\n<div class=\"wp-block-columns is-layout-flex wp-container-core-columns-is-layout-9d6595d7 wp-block-columns-is-layout-flex\">\n<div class=\"wp-block-column is-vertically-aligned-center is-layout-flow wp-block-column-is-layout-flow\" style=\"flex-basis:33.33%\"><div class=\"wp-block-image is-style-rounded\">\n<figure class=\"aligncenter size-full is-resized\"><a href=\"https:\/\/www.silvialucchetti.fr\/index.php\/sophrologie-enfants\/\"><img loading=\"lazy\" decoding=\"async\" width=\"584\" height=\"600\" src=\"http:\/\/www.silvialucchetti.fr\/wp-content\/uploads\/2024\/02\/sophro-enfant2.jpg\" alt=\"\" class=\"wp-image-663\" style=\"width:193px;height:auto\" srcset=\"https:\/\/www.silvialucchetti.fr\/wp-content\/uploads\/2024\/02\/sophro-enfant2.jpg 584w, https:\/\/www.silvialucchetti.fr\/wp-content\/uploads\/2024\/02\/sophro-enfant2-292x300.jpg 292w\" sizes=\"auto, (max-width: 584px) 100vw, 584px\" \/><\/a><\/figure>\n<\/div><\/div>\n\n\n\n<div class=\"wp-block-column is-layout-flow wp-block-column-is-layout-flow\" style=\"flex-basis:66.66%\">\n<p><\/p>\n\n\n\n<p class=\"has-headings-color has-text-color has-link-color wp-elements-5dbb9834d5b6b1f5f26c3f747ce8d5f0\">Les <a href=\"https:\/\/www.silvialucchetti.fr\/index.php\/sophrologie-enfants\/\">enfants et adolescents<\/a> \u00e0 partir de 5 ans peuvent b\u00e9n\u00e9ficier du suivi en Sophrologie.<\/p>\n\n\n\n<p><\/p>\n<\/div>\n<\/div>\n<\/div><\/div>\n\n\n\n<hr class=\"wp-block-separator has-alpha-channel-opacity\"\/>\n\n\n\n<div class=\"wp-block-columns is-layout-flex wp-container-core-columns-is-layout-9d6595d7 wp-block-columns-is-layout-flex\">\n<div class=\"wp-block-column is-layout-flow wp-block-column-is-layout-flow\" style=\"flex-basis:66.66%\">\n<p><\/p>\n\n\n\n<p class=\"has-headings-color has-text-color has-link-color wp-elements-0a7e11dce83a8477d98342add9a9c0c7\">Les s\u00e9ances individuelles s&rsquo;adressent \u00e9galement aux <a href=\"https:\/\/www.silvialucchetti.fr\/index.php\/sophrologie-adulte\/\">adultes <\/a>que ce soit en individuel ou via les diff\u00e9rents ateliers et groupes que je propose.<\/p>\n<\/div>\n\n\n\n<div class=\"wp-block-column is-vertically-aligned-center is-layout-flow wp-block-column-is-layout-flow\" style=\"flex-basis:33.33%\"><div class=\"wp-block-image is-style-rounded\">\n<figure class=\"aligncenter size-full is-resized\"><a href=\"https:\/\/www.silvialucchetti.fr\/index.php\/sophrologie-adulte\/\"><img loading=\"lazy\" decoding=\"async\" width=\"1000\" height=\"714\" src=\"http:\/\/www.silvialucchetti.fr\/wp-content\/uploads\/2024\/02\/hypnose-2.jpg\" alt=\"\" class=\"wp-image-610\" style=\"width:284px;height:auto\" srcset=\"https:\/\/www.silvialucchetti.fr\/wp-content\/uploads\/2024\/02\/hypnose-2.jpg 1000w, https:\/\/www.silvialucchetti.fr\/wp-content\/uploads\/2024\/02\/hypnose-2-300x214.jpg 300w, https:\/\/www.silvialucchetti.fr\/wp-content\/uploads\/2024\/02\/hypnose-2-768x548.jpg 768w, https:\/\/www.silvialucchetti.fr\/wp-content\/uploads\/2024\/02\/hypnose-2-420x300.jpg 420w\" sizes=\"auto, (max-width: 1000px) 100vw, 1000px\" \/><\/a><\/figure>\n<\/div><\/div>\n<\/div>\n\n\n\n<p class=\"has-text-align-left has-headings-color has-text-color has-link-color has-normal-font-size wp-elements-221a26959b6cf609181a776bbb644188\"><\/p>\n\n\n\n<h2 class=\"wp-block-heading has-large-font-size\">Prenez le Premier Pas vers un Changement Positif<\/h2>\n\n\n\n<div class=\"wp-block-columns is-layout-flex wp-container-core-columns-is-layout-9d6595d7 wp-block-columns-is-layout-flex\">\n<div class=\"wp-block-column is-vertically-aligned-bottom is-layout-flow wp-block-column-is-layout-flow\" style=\"flex-basis:33.33%\">\n<!-- RESALIB BADGE -->\n    <script>(function(d, s, id) {\n    var js, fjs = d.getElementsByTagName(s)[0];\n    if (d.getElementById(id)) return;\n    js = d.createElement(s); js.id = id;\n    js.src = \"https:\/\/www.resalib.fr\/script\/44402\/badge.js\";\n    fjs.parentNode.insertBefore(js, fjs);\n    }(document, \"script\", \"resalib-sdk\"));\n    <\/script>\n    <div class=\"rlb-badge \">\n    <a target=\"_blank\" href=\"https:\/\/www.resalib.fr\/praticien\/44402-silvia-lucchetti-sophrologue-les-avenieres-veyrins-thuellin\" rel=\"noopener\">Retrouvez Silvia LUCCHETTI sur Resalib : annuaire, r\u00e9f\u00e9rencement et prise de rendez-vous pour les Sophrologues<\/a>\n    <\/div>\n    <!-- RESALIB BADGE -->\n<\/div>\n\n\n\n<div class=\"wp-block-column is-layout-flow wp-block-column-is-layout-flow\" style=\"flex-basis:66.66%\">\n<p><\/p>\n\n\n\n<p class=\"has-headings-color has-text-color has-link-color has-normal-font-size wp-elements-3d158d2ca5a8469d7b56a2dcc24393a3\">Lib\u00e9rez-vous des limitations qui entravent votre vie et embrassez un avenir rempli de possibilit\u00e9s. Contactez-moi d\u00e8s aujourd&rsquo;hui pour r\u00e9server votre consultation initiale.<\/p>\n<\/div>\n<\/div>\n\n\n\n<hr class=\"wp-block-separator has-alpha-channel-opacity\"\/>\n\n\n\n<p class=\"has-headings-color has-text-color has-link-color has-normal-font-size wp-elements-05543d8da66b5220f1fdf0d039048c7f\" style=\"font-style:normal;font-weight:600\">Mon accompagnement vient en compl\u00e9ment mais ne se substitue en aucun cas \u00e0 un suivi m\u00e9dical.<\/p>\n\n\n\n<hr class=\"wp-block-separator has-alpha-channel-opacity\"\/>\n\n\n\n<div class=\"wp-block-columns is-layout-flex wp-container-core-columns-is-layout-9d6595d7 wp-block-columns-is-layout-flex\">\n<div class=\"wp-block-column is-layout-flow wp-block-column-is-layout-flow\" style=\"flex-basis:66.66%\">\n<h6>Silvia LUCCHETTI EI<br \/>Sophrologue Psychopraticienne<br \/>210 Avenue Jacques GUILLERMAZ<br \/>38630 Les Aveni\u00e8res <br \/>T\u00e9l : 07 66 80 03 72<br \/>Mail : contact@silvialucchetti.fr<\/h6>\n<\/div>\n\n\n\n<div class=\"wp-block-column is-layout-flow wp-block-column-is-layout-flow\"><\/div>\n\n\n\n<div class=\"wp-block-column is-layout-flow wp-block-column-is-layout-flow\" style=\"flex-basis:33.33%\"><div class=\"wp-block-image\">\n<figure class=\"aligncenter size-full is-resized\"><img loading=\"lazy\" decoding=\"async\" width=\"724\" height=\"736\" src=\"http:\/\/www.silvialucchetti.fr\/wp-content\/uploads\/2024\/02\/logo-chambre-syndicale-2.jpg\" alt=\"\" class=\"wp-image-572\" style=\"width:103px;height:auto\" srcset=\"https:\/\/www.silvialucchetti.fr\/wp-content\/uploads\/2024\/02\/logo-chambre-syndicale-2.jpg 724w, https:\/\/www.silvialucchetti.fr\/wp-content\/uploads\/2024\/02\/logo-chambre-syndicale-2-295x300.jpg 295w\" sizes=\"auto, (max-width: 724px) 100vw, 724px\" \/><\/figure>\n<\/div><\/div>\n\n\n\n<div class=\"wp-block-column is-layout-flow wp-block-column-is-layout-flow\" style=\"flex-basis:33.33%\"><div class=\"wp-block-image\">\n<figure class=\"aligncenter size-full is-resized\"><img loading=\"lazy\" decoding=\"async\" width=\"225\" height=\"242\" src=\"http:\/\/www.silvialucchetti.fr\/wp-content\/uploads\/2023\/11\/363486705_2767659760040851_604997100159122941_n.png\" alt=\"\" class=\"wp-image-553\" style=\"width:105px;height:auto\"\/><\/figure>\n<\/div><\/div>\n\n\n\n<div class=\"wp-block-column is-layout-flow wp-block-column-is-layout-flow\" style=\"flex-basis:33.33%\"><div class=\"wp-block-image\">\n<figure class=\"aligncenter size-full is-resized\"><img loading=\"lazy\" decoding=\"async\" width=\"330\" height=\"256\" src=\"http:\/\/www.silvialucchetti.fr\/wp-content\/uploads\/2024\/02\/Badge-RNCP.png\" alt=\"\" class=\"wp-image-573\" style=\"width:147px;height:auto\" srcset=\"https:\/\/www.silvialucchetti.fr\/wp-content\/uploads\/2024\/02\/Badge-RNCP.png 330w, https:\/\/www.silvialucchetti.fr\/wp-content\/uploads\/2024\/02\/Badge-RNCP-300x233.png 300w\" sizes=\"auto, (max-width: 330px) 100vw, 330px\" \/><\/figure>\n<\/div><\/div>\n<\/div>\n<\/div>\n<\/div>\n\n\n\n<p><\/p>\n","protected":false},"excerpt":{"rendered":"<p>Sophrologie Les Aveni\u00e8res Cr\u00e9e en 1960 par le neuropsychiatre Alphonso Caycedo, la sophrologie emploie un ensemble de techniques qui vont agir sur le corps et &hellip;<\/p>\n","protected":false},"author":1,"featured_media":0,"parent":0,"menu_order":0,"comment_status":"closed","ping_status":"closed","template":"","meta":{"_ti_tpc_template_sync":false,"_ti_tpc_template_id":"","footnotes":""},"class_list":["post-686","page","type-page","status-publish","hentry"],"yoast_head":"<!-- This site is optimized with the Yoast SEO plugin v25.8 - https:\/\/yoast.com\/wordpress\/plugins\/seo\/ -->\n<title>Sophrologie -<\/title>\n<meta name=\"robots\" content=\"index, follow, max-snippet:-1, max-image-preview:large, max-video-preview:-1\" \/>\n<link rel=\"canonical\" href=\"https:\/\/www.silvialucchetti.fr\/index.php\/sophrologie\/\" \/>\n<meta property=\"og:locale\" content=\"fr_FR\" \/>\n<meta property=\"og:type\" content=\"article\" \/>\n<meta property=\"og:title\" content=\"Sophrologie -\" \/>\n<meta property=\"og:description\" content=\"Sophrologie Les Aveni\u00e8res Cr\u00e9e en 1960 par le neuropsychiatre Alphonso Caycedo, la sophrologie emploie un ensemble de techniques qui vont agir sur le corps et &hellip;\" \/>\n<meta property=\"og:url\" content=\"https:\/\/www.silvialucchetti.fr\/index.php\/sophrologie\/\" \/>\n<meta property=\"article:publisher\" content=\"https:\/\/www.facebook.com\/psysl\" \/>\n<meta property=\"article:modified_time\" content=\"2024-08-25T16:00:16+00:00\" \/>\n<meta property=\"og:image\" content=\"http:\/\/www.silvialucchetti.fr\/wp-content\/uploads\/2024\/02\/sophro-enfant2.jpg\" \/>\n<meta name=\"twitter:card\" content=\"summary_large_image\" \/>\n<meta name=\"twitter:label1\" content=\"Dur\u00e9e de lecture estim\u00e9e\" \/>\n\t<meta name=\"twitter:data1\" content=\"3 minutes\" \/>\n<script type=\"application\/ld+json\" class=\"yoast-schema-graph\">{\"@context\":\"https:\/\/schema.org\",\"@graph\":[{\"@type\":\"WebPage\",\"@id\":\"https:\/\/www.silvialucchetti.fr\/index.php\/sophrologie\/\",\"url\":\"https:\/\/www.silvialucchetti.fr\/index.php\/sophrologie\/\",\"name\":\"Sophrologie -\",\"isPartOf\":{\"@id\":\"https:\/\/www.silvialucchetti.fr\/#website\"},\"primaryImageOfPage\":{\"@id\":\"https:\/\/www.silvialucchetti.fr\/index.php\/sophrologie\/#primaryimage\"},\"image\":{\"@id\":\"https:\/\/www.silvialucchetti.fr\/index.php\/sophrologie\/#primaryimage\"},\"thumbnailUrl\":\"http:\/\/www.silvialucchetti.fr\/wp-content\/uploads\/2024\/02\/sophro-enfant2.jpg\",\"datePublished\":\"2024-02-29T14:32:46+00:00\",\"dateModified\":\"2024-08-25T16:00:16+00:00\",\"breadcrumb\":{\"@id\":\"https:\/\/www.silvialucchetti.fr\/index.php\/sophrologie\/#breadcrumb\"},\"inLanguage\":\"fr-FR\",\"potentialAction\":[{\"@type\":\"ReadAction\",\"target\":[\"https:\/\/www.silvialucchetti.fr\/index.php\/sophrologie\/\"]}]},{\"@type\":\"ImageObject\",\"inLanguage\":\"fr-FR\",\"@id\":\"https:\/\/www.silvialucchetti.fr\/index.php\/sophrologie\/#primaryimage\",\"url\":\"https:\/\/www.silvialucchetti.fr\/wp-content\/uploads\/2024\/02\/sophro-enfant2.jpg\",\"contentUrl\":\"https:\/\/www.silvialucchetti.fr\/wp-content\/uploads\/2024\/02\/sophro-enfant2.jpg\",\"width\":584,\"height\":600},{\"@type\":\"BreadcrumbList\",\"@id\":\"https:\/\/www.silvialucchetti.fr\/index.php\/sophrologie\/#breadcrumb\",\"itemListElement\":[{\"@type\":\"ListItem\",\"position\":1,\"name\":\"Accueil\",\"item\":\"https:\/\/www.silvialucchetti.fr\/\"},{\"@type\":\"ListItem\",\"position\":2,\"name\":\"Sophrologie\"}]},{\"@type\":\"WebSite\",\"@id\":\"https:\/\/www.silvialucchetti.fr\/#website\",\"url\":\"https:\/\/www.silvialucchetti.fr\/\",\"name\":\"\",\"description\":\"\",\"potentialAction\":[{\"@type\":\"SearchAction\",\"target\":{\"@type\":\"EntryPoint\",\"urlTemplate\":\"https:\/\/www.silvialucchetti.fr\/?s={search_term_string}\"},\"query-input\":{\"@type\":\"PropertyValueSpecification\",\"valueRequired\":true,\"valueName\":\"search_term_string\"}}],\"inLanguage\":\"fr-FR\"}]}<\/script>\n<!-- \/ Yoast SEO plugin. -->","yoast_head_json":{"title":"Sophrologie -","robots":{"index":"index","follow":"follow","max-snippet":"max-snippet:-1","max-image-preview":"max-image-preview:large","max-video-preview":"max-video-preview:-1"},"canonical":"https:\/\/www.silvialucchetti.fr\/index.php\/sophrologie\/","og_locale":"fr_FR","og_type":"article","og_title":"Sophrologie -","og_description":"Sophrologie Les Aveni\u00e8res Cr\u00e9e en 1960 par le neuropsychiatre Alphonso Caycedo, la sophrologie emploie un ensemble de techniques qui vont agir sur le corps et &hellip;","og_url":"https:\/\/www.silvialucchetti.fr\/index.php\/sophrologie\/","article_publisher":"https:\/\/www.facebook.com\/psysl","article_modified_time":"2024-08-25T16:00:16+00:00","og_image":[{"url":"http:\/\/www.silvialucchetti.fr\/wp-content\/uploads\/2024\/02\/sophro-enfant2.jpg","type":"","width":"","height":""}],"twitter_card":"summary_large_image","twitter_misc":{"Dur\u00e9e de lecture estim\u00e9e":"3 minutes"},"schema":{"@context":"https:\/\/schema.org","@graph":[{"@type":"WebPage","@id":"https:\/\/www.silvialucchetti.fr\/index.php\/sophrologie\/","url":"https:\/\/www.silvialucchetti.fr\/index.php\/sophrologie\/","name":"Sophrologie -","isPartOf":{"@id":"https:\/\/www.silvialucchetti.fr\/#website"},"primaryImageOfPage":{"@id":"https:\/\/www.silvialucchetti.fr\/index.php\/sophrologie\/#primaryimage"},"image":{"@id":"https:\/\/www.silvialucchetti.fr\/index.php\/sophrologie\/#primaryimage"},"thumbnailUrl":"http:\/\/www.silvialucchetti.fr\/wp-content\/uploads\/2024\/02\/sophro-enfant2.jpg","datePublished":"2024-02-29T14:32:46+00:00","dateModified":"2024-08-25T16:00:16+00:00","breadcrumb":{"@id":"https:\/\/www.silvialucchetti.fr\/index.php\/sophrologie\/#breadcrumb"},"inLanguage":"fr-FR","potentialAction":[{"@type":"ReadAction","target":["https:\/\/www.silvialucchetti.fr\/index.php\/sophrologie\/"]}]},{"@type":"ImageObject","inLanguage":"fr-FR","@id":"https:\/\/www.silvialucchetti.fr\/index.php\/sophrologie\/#primaryimage","url":"https:\/\/www.silvialucchetti.fr\/wp-content\/uploads\/2024\/02\/sophro-enfant2.jpg","contentUrl":"https:\/\/www.silvialucchetti.fr\/wp-content\/uploads\/2024\/02\/sophro-enfant2.jpg","width":584,"height":600},{"@type":"BreadcrumbList","@id":"https:\/\/www.silvialucchetti.fr\/index.php\/sophrologie\/#breadcrumb","itemListElement":[{"@type":"ListItem","position":1,"name":"Accueil","item":"https:\/\/www.silvialucchetti.fr\/"},{"@type":"ListItem","position":2,"name":"Sophrologie"}]},{"@type":"WebSite","@id":"https:\/\/www.silvialucchetti.fr\/#website","url":"https:\/\/www.silvialucchetti.fr\/","name":"","description":"","potentialAction":[{"@type":"SearchAction","target":{"@type":"EntryPoint","urlTemplate":"https:\/\/www.silvialucchetti.fr\/?s={search_term_string}"},"query-input":{"@type":"PropertyValueSpecification","valueRequired":true,"valueName":"search_term_string"}}],"inLanguage":"fr-FR"}]}},"_links":{"self":[{"href":"https:\/\/www.silvialucchetti.fr\/index.php\/wp-json\/wp\/v2\/pages\/686","targetHints":{"allow":["GET"]}}],"collection":[{"href":"https:\/\/www.silvialucchetti.fr\/index.php\/wp-json\/wp\/v2\/pages"}],"about":[{"href":"https:\/\/www.silvialucchetti.fr\/index.php\/wp-json\/wp\/v2\/types\/page"}],"author":[{"embeddable":true,"href":"https:\/\/www.silvialucchetti.fr\/index.php\/wp-json\/wp\/v2\/users\/1"}],"replies":[{"embeddable":true,"href":"https:\/\/www.silvialucchetti.fr\/index.php\/wp-json\/wp\/v2\/comments?post=686"}],"version-history":[{"count":12,"href":"https:\/\/www.silvialucchetti.fr\/index.php\/wp-json\/wp\/v2\/pages\/686\/revisions"}],"predecessor-version":[{"id":882,"href":"https:\/\/www.silvialucchetti.fr\/index.php\/wp-json\/wp\/v2\/pages\/686\/revisions\/882"}],"wp:attachment":[{"href":"https:\/\/www.silvialucchetti.fr\/index.php\/wp-json\/wp\/v2\/media?parent=686"}],"curies":[{"name":"wp","href":"https:\/\/api.w.org\/{rel}","templated":true}]}}