{"id":762,"date":"2024-03-08T21:10:29","date_gmt":"2024-03-08T20:10:29","guid":{"rendered":"https:\/\/www.silvialucchetti.fr\/?page_id=762"},"modified":"2024-08-25T18:31:22","modified_gmt":"2024-08-25T16:31:22","slug":"pour-les-parents","status":"publish","type":"page","link":"https:\/\/www.silvialucchetti.fr\/index.php\/pour-les-parents\/","title":{"rendered":"Pour les parents"},"content":{"rendered":"\n<h1 class=\"wp-block-heading has-text-align-center\" style=\"font-size:22px;font-style:normal;font-weight:600\">Pour les Parents<\/h1>\n\n\n\n<p class=\"has-text-align-left\"><\/p>\n\n\n\n<div class=\"wp-block-columns has-text-color has-link-color wp-elements-46eccd7aa4054de639a6beb776192b6b is-layout-flex wp-container-core-columns-is-layout-9d6595d7 wp-block-columns-is-layout-flex\" style=\"color:#070707\">\n<div class=\"wp-block-column is-layout-flow wp-block-column-is-layout-flow\" style=\"flex-basis:66.66%\">\n<p><\/p>\n\n\n\n<p class=\"has-headings-color has-text-color has-link-color wp-elements-946da8cd17dc596272e4ab6cf3b209cd\" style=\"font-size:14px\">La vie de parents peut s\u2019av\u00e9rer parfois tr\u00e8s complexe. On se sent d\u00e9muni, perdu, bloqu\u00e9 dans des conflits, qui semblent sans issue, avec nos enfants.<br>Et quand un ou plusieurs troubles du neuro-d\u00e9veloppement (TDA\/H, TSA, DYS) s\u2019invitent \u00e0 la maison, les choses peuvent vite se compliquer.<\/p>\n<\/div>\n\n\n\n<div class=\"wp-block-column is-vertically-aligned-center is-layout-flow wp-block-column-is-layout-flow\" style=\"flex-basis:33.33%\"><div class=\"wp-block-image\">\n<figure class=\"alignright size-full is-resized\"><img loading=\"lazy\" decoding=\"async\" width=\"1000\" height=\"714\" src=\"https:\/\/www.silvialucchetti.fr\/wp-content\/uploads\/2024\/02\/hypnose-2.jpg\" alt=\"\" class=\"wp-image-610\" style=\"width:298px;height:auto\" srcset=\"https:\/\/www.silvialucchetti.fr\/wp-content\/uploads\/2024\/02\/hypnose-2.jpg 1000w, https:\/\/www.silvialucchetti.fr\/wp-content\/uploads\/2024\/02\/hypnose-2-300x214.jpg 300w, https:\/\/www.silvialucchetti.fr\/wp-content\/uploads\/2024\/02\/hypnose-2-768x548.jpg 768w, https:\/\/www.silvialucchetti.fr\/wp-content\/uploads\/2024\/02\/hypnose-2-420x300.jpg 420w\" sizes=\"auto, (max-width: 1000px) 100vw, 1000px\" \/><\/figure>\n<\/div><\/div>\n<\/div>\n\n\n\n<h2 class=\"wp-block-heading\" style=\"font-size:16px\">Guidance Parentale<\/h2>\n\n\n\n<div class=\"wp-block-columns is-layout-flex wp-container-core-columns-is-layout-9d6595d7 wp-block-columns-is-layout-flex\">\n<div class=\"wp-block-column is-vertically-aligned-center is-layout-flow wp-block-column-is-layout-flow\" style=\"flex-basis:33.33%\">\n<figure class=\"wp-block-image size-full\"><img loading=\"lazy\" decoding=\"async\" width=\"300\" height=\"300\" src=\"https:\/\/www.silvialucchetti.fr\/wp-content\/uploads\/2024\/03\/guidance-parentale.jpg\" alt=\"\" class=\"wp-image-763\" srcset=\"https:\/\/www.silvialucchetti.fr\/wp-content\/uploads\/2024\/03\/guidance-parentale.jpg 300w, https:\/\/www.silvialucchetti.fr\/wp-content\/uploads\/2024\/03\/guidance-parentale-150x150.jpg 150w\" sizes=\"auto, (max-width: 300px) 100vw, 300px\" \/><\/figure>\n<\/div>\n\n\n\n<div class=\"wp-block-column is-layout-flow wp-block-column-is-layout-flow\" style=\"flex-basis:66.66%\">\n<p><\/p>\n\n\n\n<p class=\"has-headings-color has-text-color has-link-color wp-elements-9866ef329f7412f8052b4e68d3362809\" style=\"font-size:14px\">Un accompagnement personnalis\u00e9 pour vos difficult\u00e9s quotidiennes en tant que parent.<\/p>\n\n\n\n<p><\/p>\n<\/div>\n<\/div>\n\n\n\n<h2 class=\"wp-block-heading\" style=\"font-size:16px\">M\u00e9thode Barkley (P.E.H.P)<\/h2>\n\n\n\n<div class=\"wp-block-columns is-layout-flex wp-container-core-columns-is-layout-9d6595d7 wp-block-columns-is-layout-flex\">\n<div class=\"wp-block-column is-layout-flow wp-block-column-is-layout-flow\" style=\"flex-basis:66.66%\">\n<p class=\"has-headings-color has-text-color has-link-color wp-elements-258d8ee25d2fe173e6a68ae05a8e84de\" style=\"font-size:14px\">Un programme d&rsquo;accompagnement sp\u00e9cialis\u00e9 pour les parents d&rsquo;enfants TDA\/H ou TOP notamment.<\/p>\n\n\n\n<p class=\"has-text-align-left has-headings-color has-text-color has-link-color has-normal-font-size wp-elements-221a26959b6cf609181a776bbb644188\"><\/p>\n<\/div>\n\n\n\n<div class=\"wp-block-column is-vertically-aligned-center is-layout-flow wp-block-column-is-layout-flow\" style=\"flex-basis:33.33%\">\n<figure class=\"wp-block-image size-full\"><img loading=\"lazy\" decoding=\"async\" width=\"245\" height=\"206\" src=\"https:\/\/www.silvialucchetti.fr\/wp-content\/uploads\/2024\/03\/barkley.jpeg\" alt=\"\" class=\"wp-image-764\"\/><\/figure>\n<\/div>\n<\/div>\n\n\n\n<h2 class=\"wp-block-heading\" style=\"font-size:16px\">Faites le Premier Pas <\/h2>\n\n\n\n<div class=\"wp-block-columns is-layout-flex wp-container-core-columns-is-layout-9d6595d7 wp-block-columns-is-layout-flex\">\n<div class=\"wp-block-column is-vertically-aligned-bottom is-layout-flow wp-block-column-is-layout-flow\" style=\"flex-basis:33.33%\">\n<!-- RESALIB BADGE -->\n    <script>(function(d, s, id) {\n    var js, fjs = d.getElementsByTagName(s)[0];\n    if (d.getElementById(id)) return;\n    js = d.createElement(s); js.id = id;\n    js.src = \"https:\/\/www.resalib.fr\/script\/44402\/badge.js\";\n    fjs.parentNode.insertBefore(js, fjs);\n    }(document, \"script\", \"resalib-sdk\"));\n    <\/script>\n    <div class=\"rlb-badge \">\n    <a target=\"_blank\" href=\"https:\/\/www.resalib.fr\/praticien\/44402-silvia-lucchetti-sophrologue-les-avenieres-veyrins-thuellin\" rel=\"noopener\">Retrouvez Silvia LUCCHETTI sur Resalib : annuaire, r\u00e9f\u00e9rencement et prise de rendez-vous pour les Sophrologues<\/a>\n    <\/div>\n    <!-- RESALIB BADGE -->\n<\/div>\n\n\n\n<div class=\"wp-block-column is-layout-flow wp-block-column-is-layout-flow\" style=\"flex-basis:66.66%\">\n<p><\/p>\n\n\n\n<p class=\"has-headings-color has-text-color has-link-color wp-elements-22598650fdbb8cdc3fba7b8c9410b48c\" style=\"font-size:14px\">Contactez-moi d\u00e8s aujourd&rsquo;hui pour en savoir plus.<\/p>\n<\/div>\n<\/div>\n\n\n\n<hr class=\"wp-block-separator has-alpha-channel-opacity\"\/>\n\n\n\n<p class=\"has-headings-color has-text-color has-link-color wp-elements-94443b6eb68e906d7a3d7d0b73fef12a\" style=\"font-size:14px;font-style:normal;font-weight:600\">Mon accompagnement vient en compl\u00e9ment mais ne se substitue en aucun cas \u00e0 un suivi m\u00e9dical.<\/p>\n\n\n\n<hr class=\"wp-block-separator has-alpha-channel-opacity\"\/>\n\n\n\n<div class=\"wp-block-columns is-layout-flex wp-container-core-columns-is-layout-9d6595d7 wp-block-columns-is-layout-flex\">\n<div class=\"wp-block-column is-layout-flow wp-block-column-is-layout-flow\" style=\"flex-basis:66.66%\">\n<h6>Silvia LUCCHETTI EI<br \/>Sophrologue Psychopraticienne<br \/>210 Avenue Jacques GUILLERMAZ<br \/>38630 Les Aveni\u00e8res <br \/>T\u00e9l : 07 66 80 03 72<br \/>Mail : contact@silvialucchetti.fr<\/h6>\n<\/div>\n\n\n\n<div class=\"wp-block-column is-layout-flow wp-block-column-is-layout-flow\"><\/div>\n\n\n\n<div class=\"wp-block-column is-layout-flow wp-block-column-is-layout-flow\" style=\"flex-basis:33.33%\"><div class=\"wp-block-image\">\n<figure class=\"aligncenter size-full is-resized\"><img loading=\"lazy\" decoding=\"async\" width=\"724\" height=\"736\" src=\"http:\/\/www.silvialucchetti.fr\/wp-content\/uploads\/2024\/02\/logo-chambre-syndicale-2.jpg\" alt=\"\" class=\"wp-image-572\" style=\"width:97px;height:auto\" srcset=\"https:\/\/www.silvialucchetti.fr\/wp-content\/uploads\/2024\/02\/logo-chambre-syndicale-2.jpg 724w, https:\/\/www.silvialucchetti.fr\/wp-content\/uploads\/2024\/02\/logo-chambre-syndicale-2-295x300.jpg 295w\" sizes=\"auto, (max-width: 724px) 100vw, 724px\" \/><\/figure>\n<\/div><\/div>\n\n\n\n<div class=\"wp-block-column is-layout-flow wp-block-column-is-layout-flow\" style=\"flex-basis:33.33%\"><div class=\"wp-block-image\">\n<figure class=\"aligncenter size-full is-resized\"><img loading=\"lazy\" decoding=\"async\" width=\"225\" height=\"242\" src=\"http:\/\/www.silvialucchetti.fr\/wp-content\/uploads\/2023\/11\/363486705_2767659760040851_604997100159122941_n.png\" alt=\"\" class=\"wp-image-553\" style=\"width:96px;height:auto\"\/><\/figure>\n<\/div><\/div>\n\n\n\n<div class=\"wp-block-column is-layout-flow wp-block-column-is-layout-flow\" style=\"flex-basis:33.33%\"><div class=\"wp-block-image\">\n<figure class=\"aligncenter size-full is-resized\"><img loading=\"lazy\" decoding=\"async\" width=\"330\" height=\"256\" src=\"http:\/\/www.silvialucchetti.fr\/wp-content\/uploads\/2024\/02\/Badge-RNCP.png\" alt=\"\" class=\"wp-image-573\" style=\"width:131px;height:auto\" srcset=\"https:\/\/www.silvialucchetti.fr\/wp-content\/uploads\/2024\/02\/Badge-RNCP.png 330w, https:\/\/www.silvialucchetti.fr\/wp-content\/uploads\/2024\/02\/Badge-RNCP-300x233.png 300w\" sizes=\"auto, (max-width: 330px) 100vw, 330px\" \/><\/figure>\n<\/div><\/div>\n<\/div>\n","protected":false},"excerpt":{"rendered":"<p>Pour les Parents La vie de parents peut s\u2019av\u00e9rer parfois tr\u00e8s complexe. On se sent d\u00e9muni, perdu, bloqu\u00e9 dans des conflits, qui semblent sans issue, &hellip;<\/p>\n","protected":false},"author":1,"featured_media":0,"parent":0,"menu_order":0,"comment_status":"closed","ping_status":"closed","template":"","meta":{"_ti_tpc_template_sync":false,"_ti_tpc_template_id":"","footnotes":""},"class_list":["post-762","page","type-page","status-publish","hentry"],"yoast_head":"<!-- This site is optimized with the Yoast SEO plugin v25.8 - https:\/\/yoast.com\/wordpress\/plugins\/seo\/ -->\n<title>Pour les parents -<\/title>\n<meta name=\"robots\" content=\"index, follow, max-snippet:-1, max-image-preview:large, max-video-preview:-1\" \/>\n<link rel=\"canonical\" href=\"https:\/\/www.silvialucchetti.fr\/index.php\/pour-les-parents\/\" \/>\n<meta property=\"og:locale\" content=\"fr_FR\" \/>\n<meta property=\"og:type\" content=\"article\" \/>\n<meta property=\"og:title\" content=\"Pour les parents -\" \/>\n<meta property=\"og:description\" content=\"Pour les Parents La vie de parents peut s\u2019av\u00e9rer parfois tr\u00e8s complexe. On se sent d\u00e9muni, perdu, bloqu\u00e9 dans des conflits, qui semblent sans issue, &hellip;\" \/>\n<meta property=\"og:url\" content=\"https:\/\/www.silvialucchetti.fr\/index.php\/pour-les-parents\/\" \/>\n<meta property=\"article:publisher\" content=\"https:\/\/www.facebook.com\/psysl\" \/>\n<meta property=\"article:modified_time\" content=\"2024-08-25T16:31:22+00:00\" \/>\n<meta property=\"og:image\" content=\"https:\/\/www.silvialucchetti.fr\/wp-content\/uploads\/2024\/02\/hypnose-2.jpg\" \/>\n<meta name=\"twitter:card\" content=\"summary_large_image\" \/>\n<meta name=\"twitter:label1\" content=\"Dur\u00e9e de lecture estim\u00e9e\" \/>\n\t<meta name=\"twitter:data1\" content=\"3 minutes\" \/>\n<script type=\"application\/ld+json\" class=\"yoast-schema-graph\">{\"@context\":\"https:\/\/schema.org\",\"@graph\":[{\"@type\":\"WebPage\",\"@id\":\"https:\/\/www.silvialucchetti.fr\/index.php\/pour-les-parents\/\",\"url\":\"https:\/\/www.silvialucchetti.fr\/index.php\/pour-les-parents\/\",\"name\":\"Pour les parents -\",\"isPartOf\":{\"@id\":\"https:\/\/www.silvialucchetti.fr\/#website\"},\"primaryImageOfPage\":{\"@id\":\"https:\/\/www.silvialucchetti.fr\/index.php\/pour-les-parents\/#primaryimage\"},\"image\":{\"@id\":\"https:\/\/www.silvialucchetti.fr\/index.php\/pour-les-parents\/#primaryimage\"},\"thumbnailUrl\":\"https:\/\/www.silvialucchetti.fr\/wp-content\/uploads\/2024\/02\/hypnose-2.jpg\",\"datePublished\":\"2024-03-08T20:10:29+00:00\",\"dateModified\":\"2024-08-25T16:31:22+00:00\",\"breadcrumb\":{\"@id\":\"https:\/\/www.silvialucchetti.fr\/index.php\/pour-les-parents\/#breadcrumb\"},\"inLanguage\":\"fr-FR\",\"potentialAction\":[{\"@type\":\"ReadAction\",\"target\":[\"https:\/\/www.silvialucchetti.fr\/index.php\/pour-les-parents\/\"]}]},{\"@type\":\"ImageObject\",\"inLanguage\":\"fr-FR\",\"@id\":\"https:\/\/www.silvialucchetti.fr\/index.php\/pour-les-parents\/#primaryimage\",\"url\":\"https:\/\/www.silvialucchetti.fr\/wp-content\/uploads\/2024\/02\/hypnose-2.jpg\",\"contentUrl\":\"https:\/\/www.silvialucchetti.fr\/wp-content\/uploads\/2024\/02\/hypnose-2.jpg\",\"width\":1000,\"height\":714},{\"@type\":\"BreadcrumbList\",\"@id\":\"https:\/\/www.silvialucchetti.fr\/index.php\/pour-les-parents\/#breadcrumb\",\"itemListElement\":[{\"@type\":\"ListItem\",\"position\":1,\"name\":\"Accueil\",\"item\":\"https:\/\/www.silvialucchetti.fr\/\"},{\"@type\":\"ListItem\",\"position\":2,\"name\":\"Pour les parents\"}]},{\"@type\":\"WebSite\",\"@id\":\"https:\/\/www.silvialucchetti.fr\/#website\",\"url\":\"https:\/\/www.silvialucchetti.fr\/\",\"name\":\"\",\"description\":\"\",\"potentialAction\":[{\"@type\":\"SearchAction\",\"target\":{\"@type\":\"EntryPoint\",\"urlTemplate\":\"https:\/\/www.silvialucchetti.fr\/?s={search_term_string}\"},\"query-input\":{\"@type\":\"PropertyValueSpecification\",\"valueRequired\":true,\"valueName\":\"search_term_string\"}}],\"inLanguage\":\"fr-FR\"}]}<\/script>\n<!-- \/ Yoast SEO plugin. -->","yoast_head_json":{"title":"Pour les parents -","robots":{"index":"index","follow":"follow","max-snippet":"max-snippet:-1","max-image-preview":"max-image-preview:large","max-video-preview":"max-video-preview:-1"},"canonical":"https:\/\/www.silvialucchetti.fr\/index.php\/pour-les-parents\/","og_locale":"fr_FR","og_type":"article","og_title":"Pour les parents -","og_description":"Pour les Parents La vie de parents peut s\u2019av\u00e9rer parfois tr\u00e8s complexe. On se sent d\u00e9muni, perdu, bloqu\u00e9 dans des conflits, qui semblent sans issue, &hellip;","og_url":"https:\/\/www.silvialucchetti.fr\/index.php\/pour-les-parents\/","article_publisher":"https:\/\/www.facebook.com\/psysl","article_modified_time":"2024-08-25T16:31:22+00:00","og_image":[{"url":"https:\/\/www.silvialucchetti.fr\/wp-content\/uploads\/2024\/02\/hypnose-2.jpg","type":"","width":"","height":""}],"twitter_card":"summary_large_image","twitter_misc":{"Dur\u00e9e de lecture estim\u00e9e":"3 minutes"},"schema":{"@context":"https:\/\/schema.org","@graph":[{"@type":"WebPage","@id":"https:\/\/www.silvialucchetti.fr\/index.php\/pour-les-parents\/","url":"https:\/\/www.silvialucchetti.fr\/index.php\/pour-les-parents\/","name":"Pour les parents -","isPartOf":{"@id":"https:\/\/www.silvialucchetti.fr\/#website"},"primaryImageOfPage":{"@id":"https:\/\/www.silvialucchetti.fr\/index.php\/pour-les-parents\/#primaryimage"},"image":{"@id":"https:\/\/www.silvialucchetti.fr\/index.php\/pour-les-parents\/#primaryimage"},"thumbnailUrl":"https:\/\/www.silvialucchetti.fr\/wp-content\/uploads\/2024\/02\/hypnose-2.jpg","datePublished":"2024-03-08T20:10:29+00:00","dateModified":"2024-08-25T16:31:22+00:00","breadcrumb":{"@id":"https:\/\/www.silvialucchetti.fr\/index.php\/pour-les-parents\/#breadcrumb"},"inLanguage":"fr-FR","potentialAction":[{"@type":"ReadAction","target":["https:\/\/www.silvialucchetti.fr\/index.php\/pour-les-parents\/"]}]},{"@type":"ImageObject","inLanguage":"fr-FR","@id":"https:\/\/www.silvialucchetti.fr\/index.php\/pour-les-parents\/#primaryimage","url":"https:\/\/www.silvialucchetti.fr\/wp-content\/uploads\/2024\/02\/hypnose-2.jpg","contentUrl":"https:\/\/www.silvialucchetti.fr\/wp-content\/uploads\/2024\/02\/hypnose-2.jpg","width":1000,"height":714},{"@type":"BreadcrumbList","@id":"https:\/\/www.silvialucchetti.fr\/index.php\/pour-les-parents\/#breadcrumb","itemListElement":[{"@type":"ListItem","position":1,"name":"Accueil","item":"https:\/\/www.silvialucchetti.fr\/"},{"@type":"ListItem","position":2,"name":"Pour les parents"}]},{"@type":"WebSite","@id":"https:\/\/www.silvialucchetti.fr\/#website","url":"https:\/\/www.silvialucchetti.fr\/","name":"","description":"","potentialAction":[{"@type":"SearchAction","target":{"@type":"EntryPoint","urlTemplate":"https:\/\/www.silvialucchetti.fr\/?s={search_term_string}"},"query-input":{"@type":"PropertyValueSpecification","valueRequired":true,"valueName":"search_term_string"}}],"inLanguage":"fr-FR"}]}},"_links":{"self":[{"href":"https:\/\/www.silvialucchetti.fr\/index.php\/wp-json\/wp\/v2\/pages\/762","targetHints":{"allow":["GET"]}}],"collection":[{"href":"https:\/\/www.silvialucchetti.fr\/index.php\/wp-json\/wp\/v2\/pages"}],"about":[{"href":"https:\/\/www.silvialucchetti.fr\/index.php\/wp-json\/wp\/v2\/types\/page"}],"author":[{"embeddable":true,"href":"https:\/\/www.silvialucchetti.fr\/index.php\/wp-json\/wp\/v2\/users\/1"}],"replies":[{"embeddable":true,"href":"https:\/\/www.silvialucchetti.fr\/index.php\/wp-json\/wp\/v2\/comments?post=762"}],"version-history":[{"count":3,"href":"https:\/\/www.silvialucchetti.fr\/index.php\/wp-json\/wp\/v2\/pages\/762\/revisions"}],"predecessor-version":[{"id":893,"href":"https:\/\/www.silvialucchetti.fr\/index.php\/wp-json\/wp\/v2\/pages\/762\/revisions\/893"}],"wp:attachment":[{"href":"https:\/\/www.silvialucchetti.fr\/index.php\/wp-json\/wp\/v2\/media?parent=762"}],"curies":[{"name":"wp","href":"https:\/\/api.w.org\/{rel}","templated":true}]}}