{"id":769,"date":"2024-03-08T21:46:07","date_gmt":"2024-03-08T20:46:07","guid":{"rendered":"https:\/\/www.silvialucchetti.fr\/?page_id=769"},"modified":"2024-08-25T18:40:26","modified_gmt":"2024-08-25T16:40:26","slug":"guidance-parentale","status":"publish","type":"page","link":"https:\/\/www.silvialucchetti.fr\/index.php\/guidance-parentale\/","title":{"rendered":"Guidance Parentale"},"content":{"rendered":"\n<h1 class=\"wp-block-heading has-text-align-left\" style=\"font-size:22px\">Guidance Parentale<\/h1>\n\n\n\n<div class=\"wp-block-columns has-text-color has-link-color wp-elements-efd25c5f779e5dc2e70d61e3919b80f6 is-layout-flex wp-container-core-columns-is-layout-9d6595d7 wp-block-columns-is-layout-flex\" style=\"color:#070707\">\n<div class=\"wp-block-column is-layout-flow wp-block-column-is-layout-flow\" style=\"flex-basis:66.66%\">\n<p><\/p>\n\n\n\n<p class=\"has-headings-color has-text-color has-link-color wp-elements-1136f1117524da23f39a50cb30b101cb\" style=\"font-size:14px;font-style:normal;font-weight:100\">La guidance parentale s\u2019adresse aux parents qui rencontrent des difficult\u00e9s dans leur quotidien, en leurs donnant une orientation, des pistes \u00e0 explorer afin d\u2019am\u00e9liorer leur relation avec leur(s) enfant(s)&nbsp;et ainsi les aider dans le r\u00f4le qui est le leur.<\/p>\n\n\n\n<p class=\"has-headings-color has-text-color has-link-color wp-elements-cad1920efd09c8d809e19d3b77b863a6\" style=\"font-size:14px\">Ces difficult\u00e9s peuvent \u00eatre nombreuses et avec des multiples causes&nbsp;:<\/p>\n\n\n\n<p class=\"has-text-align-left has-headings-color has-text-color has-link-color wp-elements-160d6a0a0d34b2fe15c6ee4f33656f49\" style=\"font-size:14px\">&#8211; La gestion des \u00e9motions de l\u2019enfant et\/ou du parent<\/p>\n\n\n\n<p class=\"has-text-align-left has-headings-color has-text-color has-link-color wp-elements-43ab05659029e9fadb0761fe09440d31\" style=\"font-size:14px\">&#8211; La confiance en soi de l\u2019enfant et\/ou du parent<\/p>\n\n\n\n<p class=\"has-text-align-left has-headings-color has-text-color has-link-color wp-elements-9fa53e12f6e15e8474ac1286d50bf9db\" style=\"font-size:14px\">&#8211; Les conflits entre fr\u00e8res et s\u0153urs<\/p>\n\n\n\n<p class=\"has-text-align-left has-headings-color has-text-color has-link-color wp-elements-7fec0a643871fb93d3038903c9f82f26\" style=\"font-size:14px\">&#8211; Les difficult\u00e9s pour les routines (matin, soir, devoirs, repas, etc)<\/p>\n\n\n\n<p class=\"has-text-align-left has-headings-color has-text-color has-link-color wp-elements-02b0c9ba6f892a1495bc8c05d0001f70\" style=\"font-size:14px\">&#8211; Etc<\/p>\n\n\n\n<p class=\"has-headings-color has-text-color has-link-color wp-elements-5279776ba226bdc1b4151f32ba5f778a\" style=\"font-size:14px\">La guidance parentale permet d\u2019am\u00e9liorer la qualit\u00e9 de vie de toute la famille.<\/p>\n<\/div>\n\n\n\n<div class=\"wp-block-column is-vertically-aligned-center is-layout-flow wp-block-column-is-layout-flow\" style=\"flex-basis:33.33%\"><div class=\"wp-block-image\">\n<figure class=\"alignright size-full is-resized\"><img loading=\"lazy\" decoding=\"async\" width=\"300\" height=\"300\" src=\"http:\/\/www.silvialucchetti.fr\/wp-content\/uploads\/2024\/03\/guidance-parentale.jpg\" alt=\"\" class=\"wp-image-763\" style=\"width:257px;height:auto\" srcset=\"https:\/\/www.silvialucchetti.fr\/wp-content\/uploads\/2024\/03\/guidance-parentale.jpg 300w, https:\/\/www.silvialucchetti.fr\/wp-content\/uploads\/2024\/03\/guidance-parentale-150x150.jpg 150w\" sizes=\"auto, (max-width: 300px) 100vw, 300px\" \/><\/figure>\n<\/div><\/div>\n<\/div>\n\n\n\n<h2 class=\"wp-block-heading\" style=\"font-size:16px\">Quels sont les Objectifs de la Guidance Parentale?<\/h2>\n\n\n\n<div class=\"wp-block-columns is-layout-flex wp-container-core-columns-is-layout-9d6595d7 wp-block-columns-is-layout-flex\">\n<div class=\"wp-block-column is-vertically-aligned-center is-layout-flow wp-block-column-is-layout-flow\" style=\"flex-basis:33.33%\"><div class=\"wp-block-image is-style-rounded\">\n<figure class=\"aligncenter size-full is-resized\"><img loading=\"lazy\" decoding=\"async\" width=\"600\" height=\"600\" src=\"https:\/\/www.silvialucchetti.fr\/wp-content\/uploads\/2024\/02\/objectifs.webp\" alt=\"\" class=\"wp-image-607\" style=\"width:272px;height:auto\" srcset=\"https:\/\/www.silvialucchetti.fr\/wp-content\/uploads\/2024\/02\/objectifs.webp 600w, https:\/\/www.silvialucchetti.fr\/wp-content\/uploads\/2024\/02\/objectifs-300x300.webp 300w, https:\/\/www.silvialucchetti.fr\/wp-content\/uploads\/2024\/02\/objectifs-150x150.webp 150w\" sizes=\"auto, (max-width: 600px) 100vw, 600px\" \/><\/figure>\n<\/div><\/div>\n\n\n\n<div class=\"wp-block-column is-layout-flow wp-block-column-is-layout-flow\" style=\"flex-basis:66.66%\">\n<p><\/p>\n\n\n\n<p class=\"has-headings-color has-text-color has-link-color wp-elements-ccc03582144fc3e528de006fb6736308\" style=\"font-size:14px\">&#8211; Comprendre le fonctionnement de votre enfant et ses besoins<\/p>\n\n\n\n<p class=\"has-headings-color has-text-color has-link-color wp-elements-42fb506474bafa358299d133eb3312b8\" style=\"font-size:14px\">&#8211; Susciter la coop\u00e9ration de votre l\u2019enfant<\/p>\n\n\n\n<p class=\"has-headings-color has-text-color has-link-color wp-elements-73868119596569595596ce1390269431\" style=\"font-size:14px\">&#8211; Renouer le dialogue avec votre enfant<\/p>\n\n\n\n<p class=\"has-headings-color has-text-color has-link-color wp-elements-7faccda1cbefa0e1352d37e7fdb28881\" style=\"font-size:14px\">&#8211; Mettre des limites fermes, tout en gardant un climat d\u2019ouverture<\/p>\n\n\n\n<p class=\"has-headings-color has-text-color has-link-color wp-elements-6d9e7f8d046a1cec692e910112b7c9c4\" style=\"font-size:14px\">&#8211; Exprimer votre col\u00e8re sans blesser<\/p>\n\n\n\n<p class=\"has-headings-color has-text-color has-link-color wp-elements-ab0b8207efe71ee9cc61641d37448a70\" style=\"font-size:14px\">&#8211; Utiliser des alternatives \u00e0 la punition<\/p>\n\n\n\n<p class=\"has-headings-color has-text-color has-link-color wp-elements-e9b6549735b2302b268a91d12d5abd9f\" style=\"font-size:14px\">&#8211; R\u00e9soudre les conflits familiaux dans une atmosph\u00e8re de calme<\/p>\n\n\n\n<p class=\"has-headings-color has-text-color has-link-color wp-elements-26c0afa527cacb416eda90df9480fb5f\" style=\"font-size:14px\">&#8211; (RE) Trouver l\u2019\u00e9quilibre familial<\/p>\n<\/div>\n<\/div>\n\n\n\n<h2 class=\"wp-block-heading\" style=\"font-size:16px\">D\u00e9roulement de la Guidance Parentale<\/h2>\n\n\n\n<div class=\"wp-block-columns is-layout-flex wp-container-core-columns-is-layout-9d6595d7 wp-block-columns-is-layout-flex\">\n<div class=\"wp-block-column is-layout-flow wp-block-column-is-layout-flow\" style=\"flex-basis:66.66%\">\n<p class=\"has-headings-color has-text-color has-link-color wp-elements-aaf5b8b80c67bb56ab76cf5b4a71da99\" style=\"font-size:14px\">Lors d\u2019une premi\u00e8re rencontre nous ferons ensemble une analyse des vos difficult\u00e9s en rapport avec votre r\u00f4le de parent et d\u00e9finirons les objectifs d\u2019am\u00e9lioration de ces difficult\u00e9s.<\/p>\n\n\n\n<p class=\"has-headings-color has-text-color has-link-color wp-elements-cfd33ab501f17816408fde1b6da98d6d\" style=\"font-size:14px\">Chaque s\u00e9ance aura ensuite un th\u00e8me sp\u00e9cifique en rapport avec les objectifs fix\u00e9s. Vous partirez avec des \u00ab&nbsp;outils&nbsp;\u00bb \u00e0 mettre en place \u00e0 la maison entre les s\u00e9ances.<\/p>\n\n\n\n<p class=\"has-headings-color has-text-color has-link-color wp-elements-6bf5675ddbcf6cfcd30842ec803136a9\" style=\"font-size:14px\"><strong>Les s\u00e9ances de guidance parentale peuvent avoir lieu \u00e9galement en t\u00e9l\u00e9consultation.<\/strong><\/p>\n<\/div>\n\n\n\n<div class=\"wp-block-column is-vertically-aligned-center is-layout-flow wp-block-column-is-layout-flow\" style=\"flex-basis:33.33%\"><div class=\"wp-block-image\">\n<figure class=\"aligncenter size-full is-resized\"><img loading=\"lazy\" decoding=\"async\" width=\"865\" height=\"748\" src=\"http:\/\/www.silvialucchetti.fr\/wp-content\/uploads\/2024\/02\/426197675_382125464627244_6081884626398857210_n.png\" alt=\"\" class=\"wp-image-647\" style=\"width:245px;height:auto\" srcset=\"https:\/\/www.silvialucchetti.fr\/wp-content\/uploads\/2024\/02\/426197675_382125464627244_6081884626398857210_n.png 865w, https:\/\/www.silvialucchetti.fr\/wp-content\/uploads\/2024\/02\/426197675_382125464627244_6081884626398857210_n-300x259.png 300w, https:\/\/www.silvialucchetti.fr\/wp-content\/uploads\/2024\/02\/426197675_382125464627244_6081884626398857210_n-768x664.png 768w, https:\/\/www.silvialucchetti.fr\/wp-content\/uploads\/2024\/02\/426197675_382125464627244_6081884626398857210_n-347x300.png 347w\" sizes=\"auto, (max-width: 865px) 100vw, 865px\" \/><\/figure>\n<\/div><\/div>\n<\/div>\n\n\n\n<h2 class=\"wp-block-heading\" style=\"font-size:16px\">Faites le Premier Pas vers la Guidance Parentale<\/h2>\n\n\n\n<div class=\"wp-block-columns is-layout-flex wp-container-core-columns-is-layout-9d6595d7 wp-block-columns-is-layout-flex\">\n<div class=\"wp-block-column is-vertically-aligned-bottom is-layout-flow wp-block-column-is-layout-flow\" style=\"flex-basis:33.33%\">\n<!-- RESALIB BADGE -->\n    <script>(function(d, s, id) {\n    var js, fjs = d.getElementsByTagName(s)[0];\n    if (d.getElementById(id)) return;\n    js = d.createElement(s); js.id = id;\n    js.src = \"https:\/\/www.resalib.fr\/script\/44402\/badge.js\";\n    fjs.parentNode.insertBefore(js, fjs);\n    }(document, \"script\", \"resalib-sdk\"));\n    <\/script>\n    <div class=\"rlb-badge \">\n    <a target=\"_blank\" href=\"https:\/\/www.resalib.fr\/praticien\/44402-silvia-lucchetti-sophrologue-les-avenieres-veyrins-thuellin\" rel=\"noopener\">Retrouvez Silvia LUCCHETTI sur Resalib : annuaire, r\u00e9f\u00e9rencement et prise de rendez-vous pour les Sophrologues<\/a>\n    <\/div>\n    <!-- RESALIB BADGE -->\n<\/div>\n\n\n\n<div class=\"wp-block-column is-layout-flow wp-block-column-is-layout-flow\" style=\"flex-basis:66.66%\">\n<p><\/p>\n\n\n\n<p class=\"has-headings-color has-text-color has-link-color wp-elements-00c027cc14d8857c2ada924356b814cc\" style=\"font-size:14px\">Contactez-moi d\u00e8s aujourd&rsquo;hui pour en savoir plus et prendre rendez vous.<\/p>\n<\/div>\n<\/div>\n\n\n\n<hr class=\"wp-block-separator has-alpha-channel-opacity\"\/>\n\n\n\n<p class=\"has-headings-color has-text-color has-link-color wp-elements-94443b6eb68e906d7a3d7d0b73fef12a\" style=\"font-size:14px;font-style:normal;font-weight:600\">Mon accompagnement vient en compl\u00e9ment mais ne se substitue en aucun cas \u00e0 un suivi m\u00e9dical.<\/p>\n\n\n\n<hr class=\"wp-block-separator has-alpha-channel-opacity\"\/>\n\n\n\n<div class=\"wp-block-columns is-layout-flex wp-container-core-columns-is-layout-9d6595d7 wp-block-columns-is-layout-flex\">\n<div class=\"wp-block-column is-layout-flow wp-block-column-is-layout-flow\" style=\"flex-basis:66.66%\">\n<h6>Silvia LUCCHETTI EI<br \/>Sophrologue Psychopraticienne<br \/>210 Avenue Jacques GUILLERMAZ<br \/>38630 Les Aveni\u00e8res <br \/>T\u00e9l : 07 66 80 03 72<br \/>Mail : contact@silvialucchetti.fr<\/h6>\n<\/div>\n\n\n\n<div class=\"wp-block-column is-layout-flow wp-block-column-is-layout-flow\"><\/div>\n\n\n\n<div class=\"wp-block-column is-layout-flow wp-block-column-is-layout-flow\" style=\"flex-basis:33.33%\"><div class=\"wp-block-image\">\n<figure class=\"aligncenter size-full is-resized\"><img loading=\"lazy\" decoding=\"async\" width=\"724\" height=\"736\" src=\"http:\/\/www.silvialucchetti.fr\/wp-content\/uploads\/2024\/02\/logo-chambre-syndicale-2.jpg\" alt=\"\" class=\"wp-image-572\" style=\"width:99px;height:auto\" srcset=\"https:\/\/www.silvialucchetti.fr\/wp-content\/uploads\/2024\/02\/logo-chambre-syndicale-2.jpg 724w, https:\/\/www.silvialucchetti.fr\/wp-content\/uploads\/2024\/02\/logo-chambre-syndicale-2-295x300.jpg 295w\" sizes=\"auto, (max-width: 724px) 100vw, 724px\" \/><\/figure>\n<\/div><\/div>\n\n\n\n<div class=\"wp-block-column is-layout-flow wp-block-column-is-layout-flow\" style=\"flex-basis:33.33%\"><div class=\"wp-block-image\">\n<figure class=\"aligncenter size-full is-resized\"><img loading=\"lazy\" decoding=\"async\" width=\"225\" height=\"242\" src=\"http:\/\/www.silvialucchetti.fr\/wp-content\/uploads\/2023\/11\/363486705_2767659760040851_604997100159122941_n.png\" alt=\"\" class=\"wp-image-553\" style=\"width:98px;height:auto\"\/><\/figure>\n<\/div><\/div>\n\n\n\n<div class=\"wp-block-column is-layout-flow wp-block-column-is-layout-flow\" style=\"flex-basis:33.33%\"><div class=\"wp-block-image\">\n<figure class=\"aligncenter size-full is-resized\"><img loading=\"lazy\" decoding=\"async\" width=\"330\" height=\"256\" src=\"http:\/\/www.silvialucchetti.fr\/wp-content\/uploads\/2024\/02\/Badge-RNCP.png\" alt=\"\" class=\"wp-image-573\" style=\"width:139px;height:auto\" srcset=\"https:\/\/www.silvialucchetti.fr\/wp-content\/uploads\/2024\/02\/Badge-RNCP.png 330w, https:\/\/www.silvialucchetti.fr\/wp-content\/uploads\/2024\/02\/Badge-RNCP-300x233.png 300w\" sizes=\"auto, (max-width: 330px) 100vw, 330px\" \/><\/figure>\n<\/div><\/div>\n<\/div>\n","protected":false},"excerpt":{"rendered":"<p>Guidance Parentale La guidance parentale s\u2019adresse aux parents qui rencontrent des difficult\u00e9s dans leur quotidien, en leurs donnant une orientation, des pistes \u00e0 explorer afin &hellip;<\/p>\n","protected":false},"author":1,"featured_media":0,"parent":0,"menu_order":0,"comment_status":"closed","ping_status":"closed","template":"","meta":{"_ti_tpc_template_sync":false,"_ti_tpc_template_id":"","footnotes":""},"class_list":["post-769","page","type-page","status-publish","hentry"],"yoast_head":"<!-- This site is optimized with the Yoast SEO plugin v25.8 - https:\/\/yoast.com\/wordpress\/plugins\/seo\/ -->\n<title>Guidance Parentale -<\/title>\n<meta name=\"robots\" content=\"index, follow, max-snippet:-1, max-image-preview:large, max-video-preview:-1\" \/>\n<link rel=\"canonical\" href=\"https:\/\/www.silvialucchetti.fr\/index.php\/guidance-parentale\/\" \/>\n<meta property=\"og:locale\" content=\"fr_FR\" \/>\n<meta property=\"og:type\" content=\"article\" \/>\n<meta property=\"og:title\" content=\"Guidance Parentale -\" \/>\n<meta property=\"og:description\" content=\"Guidance Parentale La guidance parentale s\u2019adresse aux parents qui rencontrent des difficult\u00e9s dans leur quotidien, en leurs donnant une orientation, des pistes \u00e0 explorer afin &hellip;\" \/>\n<meta property=\"og:url\" content=\"https:\/\/www.silvialucchetti.fr\/index.php\/guidance-parentale\/\" \/>\n<meta property=\"article:publisher\" content=\"https:\/\/www.facebook.com\/psysl\" \/>\n<meta property=\"article:modified_time\" content=\"2024-08-25T16:40:26+00:00\" \/>\n<meta property=\"og:image\" content=\"http:\/\/www.silvialucchetti.fr\/wp-content\/uploads\/2024\/03\/guidance-parentale.jpg\" \/>\n<meta name=\"twitter:card\" content=\"summary_large_image\" \/>\n<meta name=\"twitter:label1\" content=\"Dur\u00e9e de lecture estim\u00e9e\" \/>\n\t<meta name=\"twitter:data1\" content=\"3 minutes\" \/>\n<script type=\"application\/ld+json\" class=\"yoast-schema-graph\">{\"@context\":\"https:\/\/schema.org\",\"@graph\":[{\"@type\":\"WebPage\",\"@id\":\"https:\/\/www.silvialucchetti.fr\/index.php\/guidance-parentale\/\",\"url\":\"https:\/\/www.silvialucchetti.fr\/index.php\/guidance-parentale\/\",\"name\":\"Guidance Parentale -\",\"isPartOf\":{\"@id\":\"https:\/\/www.silvialucchetti.fr\/#website\"},\"primaryImageOfPage\":{\"@id\":\"https:\/\/www.silvialucchetti.fr\/index.php\/guidance-parentale\/#primaryimage\"},\"image\":{\"@id\":\"https:\/\/www.silvialucchetti.fr\/index.php\/guidance-parentale\/#primaryimage\"},\"thumbnailUrl\":\"http:\/\/www.silvialucchetti.fr\/wp-content\/uploads\/2024\/03\/guidance-parentale.jpg\",\"datePublished\":\"2024-03-08T20:46:07+00:00\",\"dateModified\":\"2024-08-25T16:40:26+00:00\",\"breadcrumb\":{\"@id\":\"https:\/\/www.silvialucchetti.fr\/index.php\/guidance-parentale\/#breadcrumb\"},\"inLanguage\":\"fr-FR\",\"potentialAction\":[{\"@type\":\"ReadAction\",\"target\":[\"https:\/\/www.silvialucchetti.fr\/index.php\/guidance-parentale\/\"]}]},{\"@type\":\"ImageObject\",\"inLanguage\":\"fr-FR\",\"@id\":\"https:\/\/www.silvialucchetti.fr\/index.php\/guidance-parentale\/#primaryimage\",\"url\":\"https:\/\/www.silvialucchetti.fr\/wp-content\/uploads\/2024\/03\/guidance-parentale.jpg\",\"contentUrl\":\"https:\/\/www.silvialucchetti.fr\/wp-content\/uploads\/2024\/03\/guidance-parentale.jpg\",\"width\":300,\"height\":300},{\"@type\":\"BreadcrumbList\",\"@id\":\"https:\/\/www.silvialucchetti.fr\/index.php\/guidance-parentale\/#breadcrumb\",\"itemListElement\":[{\"@type\":\"ListItem\",\"position\":1,\"name\":\"Accueil\",\"item\":\"https:\/\/www.silvialucchetti.fr\/\"},{\"@type\":\"ListItem\",\"position\":2,\"name\":\"Guidance Parentale\"}]},{\"@type\":\"WebSite\",\"@id\":\"https:\/\/www.silvialucchetti.fr\/#website\",\"url\":\"https:\/\/www.silvialucchetti.fr\/\",\"name\":\"\",\"description\":\"\",\"potentialAction\":[{\"@type\":\"SearchAction\",\"target\":{\"@type\":\"EntryPoint\",\"urlTemplate\":\"https:\/\/www.silvialucchetti.fr\/?s={search_term_string}\"},\"query-input\":{\"@type\":\"PropertyValueSpecification\",\"valueRequired\":true,\"valueName\":\"search_term_string\"}}],\"inLanguage\":\"fr-FR\"}]}<\/script>\n<!-- \/ Yoast SEO plugin. -->","yoast_head_json":{"title":"Guidance Parentale -","robots":{"index":"index","follow":"follow","max-snippet":"max-snippet:-1","max-image-preview":"max-image-preview:large","max-video-preview":"max-video-preview:-1"},"canonical":"https:\/\/www.silvialucchetti.fr\/index.php\/guidance-parentale\/","og_locale":"fr_FR","og_type":"article","og_title":"Guidance Parentale -","og_description":"Guidance Parentale La guidance parentale s\u2019adresse aux parents qui rencontrent des difficult\u00e9s dans leur quotidien, en leurs donnant une orientation, des pistes \u00e0 explorer afin &hellip;","og_url":"https:\/\/www.silvialucchetti.fr\/index.php\/guidance-parentale\/","article_publisher":"https:\/\/www.facebook.com\/psysl","article_modified_time":"2024-08-25T16:40:26+00:00","og_image":[{"url":"http:\/\/www.silvialucchetti.fr\/wp-content\/uploads\/2024\/03\/guidance-parentale.jpg","type":"","width":"","height":""}],"twitter_card":"summary_large_image","twitter_misc":{"Dur\u00e9e de lecture estim\u00e9e":"3 minutes"},"schema":{"@context":"https:\/\/schema.org","@graph":[{"@type":"WebPage","@id":"https:\/\/www.silvialucchetti.fr\/index.php\/guidance-parentale\/","url":"https:\/\/www.silvialucchetti.fr\/index.php\/guidance-parentale\/","name":"Guidance Parentale -","isPartOf":{"@id":"https:\/\/www.silvialucchetti.fr\/#website"},"primaryImageOfPage":{"@id":"https:\/\/www.silvialucchetti.fr\/index.php\/guidance-parentale\/#primaryimage"},"image":{"@id":"https:\/\/www.silvialucchetti.fr\/index.php\/guidance-parentale\/#primaryimage"},"thumbnailUrl":"http:\/\/www.silvialucchetti.fr\/wp-content\/uploads\/2024\/03\/guidance-parentale.jpg","datePublished":"2024-03-08T20:46:07+00:00","dateModified":"2024-08-25T16:40:26+00:00","breadcrumb":{"@id":"https:\/\/www.silvialucchetti.fr\/index.php\/guidance-parentale\/#breadcrumb"},"inLanguage":"fr-FR","potentialAction":[{"@type":"ReadAction","target":["https:\/\/www.silvialucchetti.fr\/index.php\/guidance-parentale\/"]}]},{"@type":"ImageObject","inLanguage":"fr-FR","@id":"https:\/\/www.silvialucchetti.fr\/index.php\/guidance-parentale\/#primaryimage","url":"https:\/\/www.silvialucchetti.fr\/wp-content\/uploads\/2024\/03\/guidance-parentale.jpg","contentUrl":"https:\/\/www.silvialucchetti.fr\/wp-content\/uploads\/2024\/03\/guidance-parentale.jpg","width":300,"height":300},{"@type":"BreadcrumbList","@id":"https:\/\/www.silvialucchetti.fr\/index.php\/guidance-parentale\/#breadcrumb","itemListElement":[{"@type":"ListItem","position":1,"name":"Accueil","item":"https:\/\/www.silvialucchetti.fr\/"},{"@type":"ListItem","position":2,"name":"Guidance Parentale"}]},{"@type":"WebSite","@id":"https:\/\/www.silvialucchetti.fr\/#website","url":"https:\/\/www.silvialucchetti.fr\/","name":"","description":"","potentialAction":[{"@type":"SearchAction","target":{"@type":"EntryPoint","urlTemplate":"https:\/\/www.silvialucchetti.fr\/?s={search_term_string}"},"query-input":{"@type":"PropertyValueSpecification","valueRequired":true,"valueName":"search_term_string"}}],"inLanguage":"fr-FR"}]}},"_links":{"self":[{"href":"https:\/\/www.silvialucchetti.fr\/index.php\/wp-json\/wp\/v2\/pages\/769","targetHints":{"allow":["GET"]}}],"collection":[{"href":"https:\/\/www.silvialucchetti.fr\/index.php\/wp-json\/wp\/v2\/pages"}],"about":[{"href":"https:\/\/www.silvialucchetti.fr\/index.php\/wp-json\/wp\/v2\/types\/page"}],"author":[{"embeddable":true,"href":"https:\/\/www.silvialucchetti.fr\/index.php\/wp-json\/wp\/v2\/users\/1"}],"replies":[{"embeddable":true,"href":"https:\/\/www.silvialucchetti.fr\/index.php\/wp-json\/wp\/v2\/comments?post=769"}],"version-history":[{"count":7,"href":"https:\/\/www.silvialucchetti.fr\/index.php\/wp-json\/wp\/v2\/pages\/769\/revisions"}],"predecessor-version":[{"id":897,"href":"https:\/\/www.silvialucchetti.fr\/index.php\/wp-json\/wp\/v2\/pages\/769\/revisions\/897"}],"wp:attachment":[{"href":"https:\/\/www.silvialucchetti.fr\/index.php\/wp-json\/wp\/v2\/media?parent=769"}],"curies":[{"name":"wp","href":"https:\/\/api.w.org\/{rel}","templated":true}]}}