{"id":784,"date":"2024-03-19T22:57:01","date_gmt":"2024-03-19T21:57:01","guid":{"rendered":"https:\/\/www.silvialucchetti.fr\/?page_id=784"},"modified":"2024-08-25T18:52:17","modified_gmt":"2024-08-25T16:52:17","slug":"gerer-son-stress-avec-la-sophrologie-et-lautohypnose","status":"publish","type":"page","link":"https:\/\/www.silvialucchetti.fr\/index.php\/gerer-son-stress-avec-la-sophrologie-et-lautohypnose\/","title":{"rendered":"G\u00e9rer son stress avec la sophrologie et l\u2019autohypnose\u00a0"},"content":{"rendered":"\n<h1 class=\"wp-block-heading has-text-align-left\" style=\"font-size:22px\">G\u00e9rer son stress avec la sophrologie et l\u2019autohypnose&nbsp;<\/h1>\n\n\n\n<div class=\"wp-block-columns has-text-color has-link-color wp-elements-faa72a89130f5260f330b2790aaeee7c is-layout-flex wp-container-core-columns-is-layout-9d6595d7 wp-block-columns-is-layout-flex\" style=\"color:#070707\">\n<div class=\"wp-block-column is-layout-flow wp-block-column-is-layout-flow\" style=\"flex-basis:66.66%\">\n<p><\/p>\n\n\n\n<p class=\"has-headings-color has-text-color has-link-color wp-elements-65870eca85cd93143ff59e9bb081590e\" style=\"font-size:14px\">Cet atelier s&rsquo;adresse aux personnes de plus de 16 ans d\u00e9sireuses d&rsquo;aller vers un mieux \u00eatre, en \u00e9tant acteur de leur propre changement.<\/p>\n\n\n\n<p class=\"has-headings-color has-text-color has-link-color wp-elements-6715088c93045cdfdcf3fa526a94456e\" style=\"font-size:14px;font-style:normal;font-weight:100\">Vous vous sentez stress\u00e9.e ou angoiss\u00e9.e r\u00e9guli\u00e8rement ?<\/p>\n\n\n\n<p class=\"has-headings-color has-text-color has-link-color wp-elements-51b091d25948fb17607bd71b93428d3a\" style=\"font-size:14px\">Vous ressentez des tensions dans votre corps?<\/p>\n\n\n\n<p class=\"has-headings-color has-text-color has-link-color wp-elements-e27e50d9e7b9a43af4fecd6a48946492\" style=\"font-size:14px\">Vous avez l&rsquo;impression que vous perdez le contr\u00f4le ?<\/p>\n\n\n\n<p class=\"has-headings-color has-text-color has-link-color wp-elements-c5eed3375c210d91dc5a6156bd649453\" style=\"font-size:14px\">Alors, cet atelier est pour vous&nbsp;!!<\/p>\n\n\n\n<p class=\"has-headings-color has-text-color has-link-color has-normal-font-size wp-elements-ac159810576a3b957b08596f6eb04c55\" style=\"font-style:normal;font-weight:100\"><\/p>\n<\/div>\n\n\n\n<div class=\"wp-block-column is-vertically-aligned-center is-layout-flow wp-block-column-is-layout-flow\" style=\"flex-basis:33.33%\"><div class=\"wp-block-image\">\n<figure class=\"alignright size-full is-resized\"><img loading=\"lazy\" decoding=\"async\" width=\"246\" height=\"204\" src=\"https:\/\/www.silvialucchetti.fr\/wp-content\/uploads\/2024\/03\/images.jpeg\" alt=\"\" class=\"wp-image-786\" style=\"width:298px;height:auto\"\/><\/figure>\n<\/div><\/div>\n<\/div>\n\n\n\n<h2 class=\"wp-block-heading\" style=\"font-size:16px\">Quels sont les Objectifs de l&rsquo;atelier \u00ab\u00a0<strong>G\u00e9rer son stress avec la sophrologie et l\u2019autohypnose<\/strong>\u00ab\u00a0?<\/h2>\n\n\n\n<div class=\"wp-block-columns is-layout-flex wp-container-core-columns-is-layout-9d6595d7 wp-block-columns-is-layout-flex\">\n<div class=\"wp-block-column is-vertically-aligned-center is-layout-flow wp-block-column-is-layout-flow\" style=\"flex-basis:33.33%\"><div class=\"wp-block-image is-style-rounded\">\n<figure class=\"aligncenter size-full is-resized\"><img loading=\"lazy\" decoding=\"async\" width=\"600\" height=\"600\" src=\"https:\/\/www.silvialucchetti.fr\/wp-content\/uploads\/2024\/02\/objectifs.webp\" alt=\"\" class=\"wp-image-607\" style=\"width:272px;height:auto\" srcset=\"https:\/\/www.silvialucchetti.fr\/wp-content\/uploads\/2024\/02\/objectifs.webp 600w, https:\/\/www.silvialucchetti.fr\/wp-content\/uploads\/2024\/02\/objectifs-300x300.webp 300w, https:\/\/www.silvialucchetti.fr\/wp-content\/uploads\/2024\/02\/objectifs-150x150.webp 150w\" sizes=\"auto, (max-width: 600px) 100vw, 600px\" \/><\/figure>\n<\/div><\/div>\n\n\n\n<div class=\"wp-block-column is-layout-flow wp-block-column-is-layout-flow\" style=\"flex-basis:66.66%\">\n<p><\/p>\n\n\n\n<p class=\"has-headings-color has-text-color has-link-color wp-elements-3756fd8ec12b7f40938374f547f009d0\" style=\"font-size:14px\">G\u00e9rer son stress et son anxi\u00e9t\u00e9 de mani\u00e8re autonome <\/p>\n\n\n\n<p class=\"has-headings-color has-text-color has-link-color wp-elements-e8e32153fac442176068be0bfeaa3ab2\" style=\"font-size:14px\">Retrouver la s\u00e9r\u00e9nit\u00e9 et l&rsquo;apaisement.<\/p>\n\n\n\n<p class=\"has-headings-color has-text-color has-link-color wp-elements-2869c7feaf12008692e8c54cbd0a1602\" style=\"font-size:14px\">Le but de cet atelier est de vous rendre autonome \u00e0 l&rsquo;issue de celui-ci. Vous pourrez alors utiliser chacun des exercices d\u00e8s que vous le souhaiterez, en compl\u00e8te autonomie, pour vous sentir mieux.<\/p>\n<\/div>\n<\/div>\n\n\n\n<p class=\"has-headings-color has-text-color has-link-color has-normal-font-size wp-elements-5da465b94672d5cff58dde46b5e794b4\"><\/p>\n\n\n\n<h2 class=\"wp-block-heading\" style=\"font-size:16px\">D\u00e9roulement de l&rsquo;atelier<\/h2>\n\n\n\n<div class=\"wp-block-columns is-layout-flex wp-container-core-columns-is-layout-9d6595d7 wp-block-columns-is-layout-flex\">\n<div class=\"wp-block-column is-layout-flow wp-block-column-is-layout-flow\" style=\"flex-basis:66.66%\">\n<p class=\"has-headings-color has-text-color has-link-color wp-elements-504a19ca8198e1544328cdca551ec388\" style=\"font-size:14px\">En petit groupe de 2 \u00e0 4 personnes, nous allons d\u00e9couvrir deux techniques&nbsp;:<\/p>\n\n\n\n<p class=\"has-text-align-left has-headings-color has-text-color has-link-color wp-elements-9f33e15f0eb3f95ac371ad7e28582e62\" style=\"font-size:14px\"> &#8211; La Sophrologie, qui permet un travail sur le corps et sur l&rsquo;esprit<\/p>\n\n\n\n<p class=\"has-headings-color has-text-color has-link-color wp-elements-138c6429415bcd535f74bf389c73f56d\" style=\"font-size:14px\">&#8211; L&rsquo;autohypnose, d\u00e9riv\u00e9e de l&rsquo;hypnose, qui permet de travailler en profondeur sur votre mental<\/p>\n\n\n\n<p class=\"has-headings-color has-text-color has-link-color wp-elements-9b4ccedf319a8e02d1b700da6f51ccad\" style=\"font-size:14px\">Nous pratiquerons ensemble une s\u00e9rie d&rsquo;exercices de sophrologie et d&rsquo;auto hypnose qui vous apprendront \u00e0 g\u00e9rer votre stress et \u00e0 vous apaiser.<\/p>\n\n\n\n<p class=\"has-headings-color has-text-color has-link-color wp-elements-0fa6de86094e1b649cc3a76b87dcc7a2\" style=\"font-size:14px\">L&rsquo;atelier dure environ 2h30 car c&rsquo;est \u00e9galement un moment de partage, qui vous laisse la possibilit\u00e9 de participer et de poser des questions si vous le souhaitez.<\/p>\n\n\n\n<p class=\"has-headings-color has-text-color has-link-color wp-elements-d8a148a7c781446511cf0323bf2de721\" style=\"font-size:14px\">A l&rsquo;issue de cet atelier, vous repartirez avec :<\/p>\n\n\n\n<p class=\"has-headings-color has-text-color has-link-color wp-elements-4c88f74a9666b4fef12999a79871ac28\" style=\"font-size:14px\">&#8211; Un livret contenant les fiches des exercices de sophrologie pratiqu\u00e9s<\/p>\n\n\n\n<p class=\"has-headings-color has-text-color has-link-color wp-elements-06cd3a74e6d81cb722f6a38f544817f4\" style=\"font-size:14px\">&#8211; Un enregistrement des exercices de visualisation<\/p>\n\n\n\n<p class=\"has-headings-color has-text-color has-link-color wp-elements-615962049f375c144540941a3ae50c74\" style=\"font-size:14px\">&#8211; Les scripts d&rsquo;auto hypnose<\/p>\n\n\n\n<p class=\"has-headings-color has-text-color has-link-color wp-elements-1f199bbbd691a4a381e78449731d9f5b\" style=\"font-size:14px\">Le prix de l\u2019atelier <strong>\u00ab&nbsp;G\u00e9rer son stress avec la sophrologie et l\u2019autohypnose&nbsp;\u00bb<\/strong>&nbsp;est de 55\u20ac pour une dur\u00e9e de deux heures environ et il est \u00e0 r\u00e9gler lors de la r\u00e9servation.<\/p>\n<\/div>\n\n\n\n<div class=\"wp-block-column is-vertically-aligned-center is-layout-flow wp-block-column-is-layout-flow\" style=\"flex-basis:33.33%\"><div class=\"wp-block-image\">\n<figure class=\"aligncenter size-full is-resized\"><img loading=\"lazy\" decoding=\"async\" width=\"594\" height=\"240\" src=\"https:\/\/www.silvialucchetti.fr\/wp-content\/uploads\/2024\/03\/meditation-collective.jpg\" alt=\"\" class=\"wp-image-787\" style=\"width:322px;height:auto\" srcset=\"https:\/\/www.silvialucchetti.fr\/wp-content\/uploads\/2024\/03\/meditation-collective.jpg 594w, https:\/\/www.silvialucchetti.fr\/wp-content\/uploads\/2024\/03\/meditation-collective-300x121.jpg 300w, https:\/\/www.silvialucchetti.fr\/wp-content\/uploads\/2024\/03\/meditation-collective-496x200.jpg 496w\" sizes=\"auto, (max-width: 594px) 100vw, 594px\" \/><\/figure>\n<\/div><\/div>\n<\/div>\n\n\n\n<h2 class=\"wp-block-heading\" style=\"font-size:16px\">Prenez le Premier Pas vers un Changement Positif<\/h2>\n\n\n\n<div class=\"wp-block-columns is-layout-flex wp-container-core-columns-is-layout-9d6595d7 wp-block-columns-is-layout-flex\">\n<div class=\"wp-block-column is-vertically-aligned-bottom is-layout-flow wp-block-column-is-layout-flow\" style=\"flex-basis:33.33%\">\n<!-- RESALIB BADGE -->\n    <script>(function(d, s, id) {\n    var js, fjs = d.getElementsByTagName(s)[0];\n    if (d.getElementById(id)) return;\n    js = d.createElement(s); js.id = id;\n    js.src = \"https:\/\/www.resalib.fr\/script\/44402\/badge.js\";\n    fjs.parentNode.insertBefore(js, fjs);\n    }(document, \"script\", \"resalib-sdk\"));\n    <\/script>\n    <div class=\"rlb-badge \">\n    <a target=\"_blank\" href=\"https:\/\/www.resalib.fr\/praticien\/44402-silvia-lucchetti-sophrologue-les-avenieres-veyrins-thuellin\" rel=\"noopener\">Retrouvez Silvia LUCCHETTI sur Resalib : annuaire, r\u00e9f\u00e9rencement et prise de rendez-vous pour les Sophrologues<\/a>\n    <\/div>\n    <!-- RESALIB BADGE -->\n<\/div>\n\n\n\n<div class=\"wp-block-column is-layout-flow wp-block-column-is-layout-flow\" style=\"flex-basis:66.66%\">\n<p><\/p>\n\n\n\n<p class=\"has-headings-color has-text-color has-link-color wp-elements-bba086029c4ca75657057197918d5b36\" style=\"font-size:14px\">Lib\u00e9rez-vous des limitations qui entravent votre vie et embrassez un avenir rempli de possibilit\u00e9s. Contactez-moi d\u00e8s aujourd&rsquo;hui pour r\u00e9server votre consultation initiale et commencez votre voyage vers un bien-\u00eatre total gr\u00e2ce \u00e0 l&rsquo;hypnose ericksonienne.<\/p>\n<\/div>\n<\/div>\n\n\n\n<hr class=\"wp-block-separator has-alpha-channel-opacity\"\/>\n\n\n\n<p class=\"has-headings-color has-text-color has-link-color wp-elements-94443b6eb68e906d7a3d7d0b73fef12a\" style=\"font-size:14px;font-style:normal;font-weight:600\">Mon accompagnement vient en compl\u00e9ment mais ne se substitue en aucun cas \u00e0 un suivi m\u00e9dical.<\/p>\n\n\n\n<hr class=\"wp-block-separator has-alpha-channel-opacity\"\/>\n\n\n\n<div class=\"wp-block-columns is-layout-flex wp-container-core-columns-is-layout-9d6595d7 wp-block-columns-is-layout-flex\">\n<div class=\"wp-block-column is-layout-flow wp-block-column-is-layout-flow\" style=\"flex-basis:66.66%\">\n<h6>Silvia LUCCHETTI EI<br \/>Sophrologue Psychopraticienne<br \/>210 Avenue Jacques GUILLERMAZ<br \/>38630 Les Aveni\u00e8res <br \/>T\u00e9l : 07 66 80 03 72<br \/>Mail : contact@silvialucchetti.fr<\/h6>\n<\/div>\n\n\n\n<div class=\"wp-block-column is-layout-flow wp-block-column-is-layout-flow\"><\/div>\n\n\n\n<div class=\"wp-block-column is-layout-flow wp-block-column-is-layout-flow\" style=\"flex-basis:33.33%\"><div class=\"wp-block-image\">\n<figure class=\"aligncenter size-full is-resized\"><img loading=\"lazy\" decoding=\"async\" width=\"724\" height=\"736\" src=\"http:\/\/www.silvialucchetti.fr\/wp-content\/uploads\/2024\/02\/logo-chambre-syndicale-2.jpg\" alt=\"\" class=\"wp-image-572\" style=\"width:80px;height:auto\" srcset=\"https:\/\/www.silvialucchetti.fr\/wp-content\/uploads\/2024\/02\/logo-chambre-syndicale-2.jpg 724w, https:\/\/www.silvialucchetti.fr\/wp-content\/uploads\/2024\/02\/logo-chambre-syndicale-2-295x300.jpg 295w\" sizes=\"auto, (max-width: 724px) 100vw, 724px\" \/><\/figure>\n<\/div><\/div>\n\n\n\n<div class=\"wp-block-column is-layout-flow wp-block-column-is-layout-flow\" style=\"flex-basis:33.33%\"><div class=\"wp-block-image\">\n<figure class=\"aligncenter size-full is-resized\"><img loading=\"lazy\" decoding=\"async\" width=\"225\" height=\"242\" src=\"http:\/\/www.silvialucchetti.fr\/wp-content\/uploads\/2023\/11\/363486705_2767659760040851_604997100159122941_n.png\" alt=\"\" class=\"wp-image-553\" style=\"width:83px;height:auto\"\/><\/figure>\n<\/div><\/div>\n\n\n\n<div class=\"wp-block-column is-layout-flow wp-block-column-is-layout-flow\" style=\"flex-basis:33.33%\"><div class=\"wp-block-image\">\n<figure class=\"aligncenter size-full is-resized\"><img loading=\"lazy\" decoding=\"async\" width=\"330\" height=\"256\" src=\"http:\/\/www.silvialucchetti.fr\/wp-content\/uploads\/2024\/02\/Badge-RNCP.png\" alt=\"\" class=\"wp-image-573\" style=\"width:124px;height:auto\" srcset=\"https:\/\/www.silvialucchetti.fr\/wp-content\/uploads\/2024\/02\/Badge-RNCP.png 330w, https:\/\/www.silvialucchetti.fr\/wp-content\/uploads\/2024\/02\/Badge-RNCP-300x233.png 300w\" sizes=\"auto, (max-width: 330px) 100vw, 330px\" \/><\/figure>\n<\/div><\/div>\n<\/div>\n","protected":false},"excerpt":{"rendered":"<p>G\u00e9rer son stress avec la sophrologie et l\u2019autohypnose&nbsp; Cet atelier s&rsquo;adresse aux personnes de plus de 16 ans d\u00e9sireuses d&rsquo;aller vers un mieux \u00eatre, en &hellip;<\/p>\n","protected":false},"author":1,"featured_media":0,"parent":0,"menu_order":0,"comment_status":"closed","ping_status":"closed","template":"","meta":{"_ti_tpc_template_sync":false,"_ti_tpc_template_id":"","footnotes":""},"class_list":["post-784","page","type-page","status-publish","hentry"],"yoast_head":"<!-- This site is optimized with the Yoast SEO plugin v25.8 - https:\/\/yoast.com\/wordpress\/plugins\/seo\/ -->\n<title>G\u00e9rer son stress avec la sophrologie et l\u2019autohypnose\u00a0 -<\/title>\n<meta name=\"description\" content=\"sophrologie hypnose autohypnose stress bien-\u00eatre mieux-\u00eatre burn-out atelier angoisses tensions contr\u00f4le s\u00e9r\u00e9nit\u00e9\" \/>\n<meta name=\"robots\" content=\"index, follow, max-snippet:-1, max-image-preview:large, max-video-preview:-1\" \/>\n<link rel=\"canonical\" href=\"https:\/\/www.silvialucchetti.fr\/index.php\/gerer-son-stress-avec-la-sophrologie-et-lautohypnose\/\" \/>\n<meta property=\"og:locale\" content=\"fr_FR\" \/>\n<meta property=\"og:type\" content=\"article\" \/>\n<meta property=\"og:title\" content=\"G\u00e9rer son stress avec la sophrologie et l\u2019autohypnose\u00a0 -\" \/>\n<meta property=\"og:description\" content=\"sophrologie hypnose autohypnose stress bien-\u00eatre mieux-\u00eatre burn-out atelier angoisses tensions contr\u00f4le s\u00e9r\u00e9nit\u00e9\" \/>\n<meta property=\"og:url\" content=\"https:\/\/www.silvialucchetti.fr\/index.php\/gerer-son-stress-avec-la-sophrologie-et-lautohypnose\/\" \/>\n<meta property=\"article:publisher\" content=\"https:\/\/www.facebook.com\/psysl\" \/>\n<meta property=\"article:modified_time\" content=\"2024-08-25T16:52:17+00:00\" \/>\n<meta property=\"og:image\" content=\"https:\/\/www.silvialucchetti.fr\/wp-content\/uploads\/2024\/03\/images.jpeg\" \/>\n<meta name=\"twitter:card\" content=\"summary_large_image\" \/>\n<meta name=\"twitter:label1\" content=\"Dur\u00e9e de lecture estim\u00e9e\" \/>\n\t<meta name=\"twitter:data1\" content=\"4 minutes\" \/>\n<script type=\"application\/ld+json\" class=\"yoast-schema-graph\">{\"@context\":\"https:\/\/schema.org\",\"@graph\":[{\"@type\":\"WebPage\",\"@id\":\"https:\/\/www.silvialucchetti.fr\/index.php\/gerer-son-stress-avec-la-sophrologie-et-lautohypnose\/\",\"url\":\"https:\/\/www.silvialucchetti.fr\/index.php\/gerer-son-stress-avec-la-sophrologie-et-lautohypnose\/\",\"name\":\"G\u00e9rer son stress avec la sophrologie et l\u2019autohypnose\u00a0 -\",\"isPartOf\":{\"@id\":\"https:\/\/www.silvialucchetti.fr\/#website\"},\"primaryImageOfPage\":{\"@id\":\"https:\/\/www.silvialucchetti.fr\/index.php\/gerer-son-stress-avec-la-sophrologie-et-lautohypnose\/#primaryimage\"},\"image\":{\"@id\":\"https:\/\/www.silvialucchetti.fr\/index.php\/gerer-son-stress-avec-la-sophrologie-et-lautohypnose\/#primaryimage\"},\"thumbnailUrl\":\"https:\/\/www.silvialucchetti.fr\/wp-content\/uploads\/2024\/03\/images.jpeg\",\"datePublished\":\"2024-03-19T21:57:01+00:00\",\"dateModified\":\"2024-08-25T16:52:17+00:00\",\"description\":\"sophrologie hypnose autohypnose stress bien-\u00eatre mieux-\u00eatre burn-out atelier angoisses tensions contr\u00f4le s\u00e9r\u00e9nit\u00e9\",\"breadcrumb\":{\"@id\":\"https:\/\/www.silvialucchetti.fr\/index.php\/gerer-son-stress-avec-la-sophrologie-et-lautohypnose\/#breadcrumb\"},\"inLanguage\":\"fr-FR\",\"potentialAction\":[{\"@type\":\"ReadAction\",\"target\":[\"https:\/\/www.silvialucchetti.fr\/index.php\/gerer-son-stress-avec-la-sophrologie-et-lautohypnose\/\"]}]},{\"@type\":\"ImageObject\",\"inLanguage\":\"fr-FR\",\"@id\":\"https:\/\/www.silvialucchetti.fr\/index.php\/gerer-son-stress-avec-la-sophrologie-et-lautohypnose\/#primaryimage\",\"url\":\"https:\/\/www.silvialucchetti.fr\/wp-content\/uploads\/2024\/03\/images.jpeg\",\"contentUrl\":\"https:\/\/www.silvialucchetti.fr\/wp-content\/uploads\/2024\/03\/images.jpeg\",\"width\":246,\"height\":204},{\"@type\":\"BreadcrumbList\",\"@id\":\"https:\/\/www.silvialucchetti.fr\/index.php\/gerer-son-stress-avec-la-sophrologie-et-lautohypnose\/#breadcrumb\",\"itemListElement\":[{\"@type\":\"ListItem\",\"position\":1,\"name\":\"Accueil\",\"item\":\"https:\/\/www.silvialucchetti.fr\/\"},{\"@type\":\"ListItem\",\"position\":2,\"name\":\"G\u00e9rer son stress avec la sophrologie et l\u2019autohypnose\u00a0\"}]},{\"@type\":\"WebSite\",\"@id\":\"https:\/\/www.silvialucchetti.fr\/#website\",\"url\":\"https:\/\/www.silvialucchetti.fr\/\",\"name\":\"\",\"description\":\"\",\"potentialAction\":[{\"@type\":\"SearchAction\",\"target\":{\"@type\":\"EntryPoint\",\"urlTemplate\":\"https:\/\/www.silvialucchetti.fr\/?s={search_term_string}\"},\"query-input\":{\"@type\":\"PropertyValueSpecification\",\"valueRequired\":true,\"valueName\":\"search_term_string\"}}],\"inLanguage\":\"fr-FR\"}]}<\/script>\n<!-- \/ Yoast SEO plugin. -->","yoast_head_json":{"title":"G\u00e9rer son stress avec la sophrologie et l\u2019autohypnose\u00a0 -","description":"sophrologie hypnose autohypnose stress bien-\u00eatre mieux-\u00eatre burn-out atelier angoisses tensions contr\u00f4le s\u00e9r\u00e9nit\u00e9","robots":{"index":"index","follow":"follow","max-snippet":"max-snippet:-1","max-image-preview":"max-image-preview:large","max-video-preview":"max-video-preview:-1"},"canonical":"https:\/\/www.silvialucchetti.fr\/index.php\/gerer-son-stress-avec-la-sophrologie-et-lautohypnose\/","og_locale":"fr_FR","og_type":"article","og_title":"G\u00e9rer son stress avec la sophrologie et l\u2019autohypnose\u00a0 -","og_description":"sophrologie hypnose autohypnose stress bien-\u00eatre mieux-\u00eatre burn-out atelier angoisses tensions contr\u00f4le s\u00e9r\u00e9nit\u00e9","og_url":"https:\/\/www.silvialucchetti.fr\/index.php\/gerer-son-stress-avec-la-sophrologie-et-lautohypnose\/","article_publisher":"https:\/\/www.facebook.com\/psysl","article_modified_time":"2024-08-25T16:52:17+00:00","og_image":[{"url":"https:\/\/www.silvialucchetti.fr\/wp-content\/uploads\/2024\/03\/images.jpeg","type":"","width":"","height":""}],"twitter_card":"summary_large_image","twitter_misc":{"Dur\u00e9e de lecture estim\u00e9e":"4 minutes"},"schema":{"@context":"https:\/\/schema.org","@graph":[{"@type":"WebPage","@id":"https:\/\/www.silvialucchetti.fr\/index.php\/gerer-son-stress-avec-la-sophrologie-et-lautohypnose\/","url":"https:\/\/www.silvialucchetti.fr\/index.php\/gerer-son-stress-avec-la-sophrologie-et-lautohypnose\/","name":"G\u00e9rer son stress avec la sophrologie et l\u2019autohypnose\u00a0 -","isPartOf":{"@id":"https:\/\/www.silvialucchetti.fr\/#website"},"primaryImageOfPage":{"@id":"https:\/\/www.silvialucchetti.fr\/index.php\/gerer-son-stress-avec-la-sophrologie-et-lautohypnose\/#primaryimage"},"image":{"@id":"https:\/\/www.silvialucchetti.fr\/index.php\/gerer-son-stress-avec-la-sophrologie-et-lautohypnose\/#primaryimage"},"thumbnailUrl":"https:\/\/www.silvialucchetti.fr\/wp-content\/uploads\/2024\/03\/images.jpeg","datePublished":"2024-03-19T21:57:01+00:00","dateModified":"2024-08-25T16:52:17+00:00","description":"sophrologie hypnose autohypnose stress bien-\u00eatre mieux-\u00eatre burn-out atelier angoisses tensions contr\u00f4le s\u00e9r\u00e9nit\u00e9","breadcrumb":{"@id":"https:\/\/www.silvialucchetti.fr\/index.php\/gerer-son-stress-avec-la-sophrologie-et-lautohypnose\/#breadcrumb"},"inLanguage":"fr-FR","potentialAction":[{"@type":"ReadAction","target":["https:\/\/www.silvialucchetti.fr\/index.php\/gerer-son-stress-avec-la-sophrologie-et-lautohypnose\/"]}]},{"@type":"ImageObject","inLanguage":"fr-FR","@id":"https:\/\/www.silvialucchetti.fr\/index.php\/gerer-son-stress-avec-la-sophrologie-et-lautohypnose\/#primaryimage","url":"https:\/\/www.silvialucchetti.fr\/wp-content\/uploads\/2024\/03\/images.jpeg","contentUrl":"https:\/\/www.silvialucchetti.fr\/wp-content\/uploads\/2024\/03\/images.jpeg","width":246,"height":204},{"@type":"BreadcrumbList","@id":"https:\/\/www.silvialucchetti.fr\/index.php\/gerer-son-stress-avec-la-sophrologie-et-lautohypnose\/#breadcrumb","itemListElement":[{"@type":"ListItem","position":1,"name":"Accueil","item":"https:\/\/www.silvialucchetti.fr\/"},{"@type":"ListItem","position":2,"name":"G\u00e9rer son stress avec la sophrologie et l\u2019autohypnose\u00a0"}]},{"@type":"WebSite","@id":"https:\/\/www.silvialucchetti.fr\/#website","url":"https:\/\/www.silvialucchetti.fr\/","name":"","description":"","potentialAction":[{"@type":"SearchAction","target":{"@type":"EntryPoint","urlTemplate":"https:\/\/www.silvialucchetti.fr\/?s={search_term_string}"},"query-input":{"@type":"PropertyValueSpecification","valueRequired":true,"valueName":"search_term_string"}}],"inLanguage":"fr-FR"}]}},"_links":{"self":[{"href":"https:\/\/www.silvialucchetti.fr\/index.php\/wp-json\/wp\/v2\/pages\/784","targetHints":{"allow":["GET"]}}],"collection":[{"href":"https:\/\/www.silvialucchetti.fr\/index.php\/wp-json\/wp\/v2\/pages"}],"about":[{"href":"https:\/\/www.silvialucchetti.fr\/index.php\/wp-json\/wp\/v2\/types\/page"}],"author":[{"embeddable":true,"href":"https:\/\/www.silvialucchetti.fr\/index.php\/wp-json\/wp\/v2\/users\/1"}],"replies":[{"embeddable":true,"href":"https:\/\/www.silvialucchetti.fr\/index.php\/wp-json\/wp\/v2\/comments?post=784"}],"version-history":[{"count":6,"href":"https:\/\/www.silvialucchetti.fr\/index.php\/wp-json\/wp\/v2\/pages\/784\/revisions"}],"predecessor-version":[{"id":905,"href":"https:\/\/www.silvialucchetti.fr\/index.php\/wp-json\/wp\/v2\/pages\/784\/revisions\/905"}],"wp:attachment":[{"href":"https:\/\/www.silvialucchetti.fr\/index.php\/wp-json\/wp\/v2\/media?parent=784"}],"curies":[{"name":"wp","href":"https:\/\/api.w.org\/{rel}","templated":true}]}}